{"id":800,"date":"2026-04-12T15:43:29","date_gmt":"2026-04-12T15:43:29","guid":{"rendered":"https:\/\/silk-pajamas.com\/16-momme-sandwashed-silk-cami-top-adjustable-strap-lilac\/"},"modified":"2026-05-06T07:24:20","modified_gmt":"2026-05-06T07:24:20","slug":"16-momme-sandwashed-silk-cami-top-adjustable-strap-lilac","status":"publish","type":"product","link":"https:\/\/silk-pajamas.com\/pt\/16-momme-sandwashed-silk-cami-top-adjustable-strap-lilac\/","title":{"rendered":"16 Momme Cami Top de seda com barra e al\u00e7a ajust\u00e1vel Lil\u00e1s"},"content":{"rendered":"<p>Confeccionada com seda 16 momme, esta camisola oferece um toque suave, uma sensa\u00e7\u00e3o de pele delicada e um movimento elegante. A constru\u00e7\u00e3o com al\u00e7a ajust\u00e1vel e a cor lil\u00e1s mant\u00eam o visual polido para roupas de escrit\u00f3rio. Dispon\u00edvel em S, M, L, XL, XXL. Lavar \u00e0 m\u00e3o a frio ou utilizar um ciclo suave.<\/p>","protected":false},"excerpt":{"rendered":"<p>16 Momme Cami top de seda com barra em lil\u00e1s. Acabamento com al\u00e7a ajust\u00e1vel, toque suave e gama de tamanhos S, M, L, XL, XXL. Concebido para o vestu\u00e1rio de escrit\u00f3rio.<\/p>","protected":false},"featured_media":1835,"template":"","meta":{"_gspb_post_css":""},"product_brand":[],"product_cat":[30],"product_tag":[610,617,618],"class_list":{"0":"post-800","1":"product","2":"type-product","3":"status-publish","4":"has-post-thumbnail","6":"product_cat-silk-cami-tank-top","7":"product_tag-16-momme-silk-cami-top-lilac","8":"product_tag-sandwashed-silk-cami-top-adjustable-strap","9":"product_tag-wholesale-silk-cami-top-for-office-outfits","11":"first","12":"instock","13":"shipping-taxable","14":"purchasable","15":"product-type-simple"},"_links":{"self":[{"href":"https:\/\/silk-pajamas.com\/pt\/wp-json\/wp\/v2\/product\/800","targetHints":{"allow":["GET"]}}],"collection":[{"href":"https:\/\/silk-pajamas.com\/pt\/wp-json\/wp\/v2\/product"}],"about":[{"href":"https:\/\/silk-pajamas.com\/pt\/wp-json\/wp\/v2\/types\/product"}],"wp:featuredmedia":[{"embeddable":true,"href":"https:\/\/silk-pajamas.com\/pt\/wp-json\/wp\/v2\/media\/1835"}],"wp:attachment":[{"href":"https:\/\/silk-pajamas.com\/pt\/wp-json\/wp\/v2\/media?parent=800"}],"wp:term":[{"taxonomy":"product_brand","embeddable":true,"href":"https:\/\/silk-pajamas.com\/pt\/wp-json\/wp\/v2\/product_brand?post=800"},{"taxonomy":"product_cat","embeddable":true,"href":"https:\/\/silk-pajamas.com\/pt\/wp-json\/wp\/v2\/product_cat?post=800"},{"taxonomy":"product_tag","embeddable":true,"href":"https:\/\/silk-pajamas.com\/pt\/wp-json\/wp\/v2\/product_tag?post=800"}],"curies":[{"name":"wp","href":"https:\/\/api.w.org\/{rel}","templated":true}]}}