{"id":806,"date":"2026-04-12T15:43:30","date_gmt":"2026-04-12T15:43:30","guid":{"rendered":"https:\/\/silk-pajamas.com\/16-momme-charmeuse-silk-cami-tank-rib-trim-leopard\/"},"modified":"2026-05-06T06:51:29","modified_gmt":"2026-05-06T06:51:29","slug":"16-momme-charmeuse-silk-cami-tank-rib-trim-leopard","status":"publish","type":"product","link":"https:\/\/silk-pajamas.com\/pt\/16-momme-charmeuse-silk-cami-tank-rib-trim-leopard\/","title":{"rendered":"16 Momme Charmeuse Seda Cami Tank Rib Trim Leopardo"},"content":{"rendered":"<p>Confeccionada em seda 16 momme charmeuse, esta camisola oferece uma sensa\u00e7\u00e3o de pele suave e respir\u00e1vel e um movimento elegante. A constru\u00e7\u00e3o com acabamento em canelado e a cor de leopardo mant\u00eam o visual polido para looks de sobreposi\u00e7\u00e3o. Dispon\u00edvel em XS, S, M, L, XL. Lavar \u00e0 m\u00e3o a frio ou utilizar um ciclo suave.<\/p>","protected":false},"excerpt":{"rendered":"<p>16 Cami top de seda Momme Charmeuse em Leopardo. Acabamento em Rib Trim, toque respir\u00e1vel e gama de tamanhos XS, S, M, L, XL. Concebido para looks com camadas.<\/p>","protected":false},"featured_media":1805,"template":"","meta":{"_gspb_post_css":""},"product_brand":[],"product_cat":[30],"product_tag":[630,631,632],"class_list":{"0":"post-806","1":"product","2":"type-product","3":"status-publish","4":"has-post-thumbnail","6":"product_cat-silk-cami-tank-top","7":"product_tag-16-momme-silk-cami-top-leopard","8":"product_tag-charmeuse-silk-cami-top-rib-trim","9":"product_tag-manufacturer-silk-cami-top-for-layering-looks","11":"first","12":"instock","13":"shipping-taxable","14":"purchasable","15":"product-type-simple"},"_links":{"self":[{"href":"https:\/\/silk-pajamas.com\/pt\/wp-json\/wp\/v2\/product\/806","targetHints":{"allow":["GET"]}}],"collection":[{"href":"https:\/\/silk-pajamas.com\/pt\/wp-json\/wp\/v2\/product"}],"about":[{"href":"https:\/\/silk-pajamas.com\/pt\/wp-json\/wp\/v2\/types\/product"}],"wp:featuredmedia":[{"embeddable":true,"href":"https:\/\/silk-pajamas.com\/pt\/wp-json\/wp\/v2\/media\/1805"}],"wp:attachment":[{"href":"https:\/\/silk-pajamas.com\/pt\/wp-json\/wp\/v2\/media?parent=806"}],"wp:term":[{"taxonomy":"product_brand","embeddable":true,"href":"https:\/\/silk-pajamas.com\/pt\/wp-json\/wp\/v2\/product_brand?post=806"},{"taxonomy":"product_cat","embeddable":true,"href":"https:\/\/silk-pajamas.com\/pt\/wp-json\/wp\/v2\/product_cat?post=806"},{"taxonomy":"product_tag","embeddable":true,"href":"https:\/\/silk-pajamas.com\/pt\/wp-json\/wp\/v2\/product_tag?post=806"}],"curies":[{"name":"wp","href":"https:\/\/api.w.org\/{rel}","templated":true}]}}