{"id":807,"date":"2026-04-12T15:43:30","date_gmt":"2026-04-12T15:43:30","guid":{"rendered":"https:\/\/silk-pajamas.com\/19-momme-crepe-silk-cami-tank-adjustable-strap-floral\/"},"modified":"2026-05-06T06:57:03","modified_gmt":"2026-05-06T06:57:03","slug":"19-momme-crepe-silk-cami-tank-adjustable-strap-floral","status":"publish","type":"product","link":"https:\/\/silk-pajamas.com\/pt\/19-momme-crepe-silk-cami-tank-adjustable-strap-floral\/","title":{"rendered":"19 Momme Crepe Seda Cami Tank Al\u00e7a ajust\u00e1vel Floral"},"content":{"rendered":"<p>Este top cami \u00e9 feito de crepe de seda 19 momme num tom floral. Apresenta uma al\u00e7a ajust\u00e1vel, um toque suave e um drapeado confort\u00e1vel para looks em camadas. O estilo suporta os tamanhos Custom e funciona bem para usar na primavera, para presentear e para o conforto di\u00e1rio. Lavar \u00e0 m\u00e3o a frio ou utilizar um ciclo suave.<\/p>","protected":false},"excerpt":{"rendered":"<p>19 Momme Crepe de seda cami top em floral. Acabamento com al\u00e7a ajust\u00e1vel, toque suave e gama de tamanhos personalizada. Concebido para looks com camadas.<\/p>","protected":false},"featured_media":1808,"template":"","meta":{"_gspb_post_css":""},"product_brand":[],"product_cat":[30],"product_tag":[633,589,634],"class_list":{"0":"post-807","1":"product","2":"type-product","3":"status-publish","4":"has-post-thumbnail","6":"product_cat-silk-cami-tank-top","7":"product_tag-19-momme-silk-cami-top-floral","8":"product_tag-crepe-silk-cami-top-adjustable-strap","9":"product_tag-supplier-silk-cami-top-for-layering-looks","11":"first","12":"instock","13":"shipping-taxable","14":"purchasable","15":"product-type-simple"},"_links":{"self":[{"href":"https:\/\/silk-pajamas.com\/pt\/wp-json\/wp\/v2\/product\/807","targetHints":{"allow":["GET"]}}],"collection":[{"href":"https:\/\/silk-pajamas.com\/pt\/wp-json\/wp\/v2\/product"}],"about":[{"href":"https:\/\/silk-pajamas.com\/pt\/wp-json\/wp\/v2\/types\/product"}],"wp:featuredmedia":[{"embeddable":true,"href":"https:\/\/silk-pajamas.com\/pt\/wp-json\/wp\/v2\/media\/1808"}],"wp:attachment":[{"href":"https:\/\/silk-pajamas.com\/pt\/wp-json\/wp\/v2\/media?parent=807"}],"wp:term":[{"taxonomy":"product_brand","embeddable":true,"href":"https:\/\/silk-pajamas.com\/pt\/wp-json\/wp\/v2\/product_brand?post=807"},{"taxonomy":"product_cat","embeddable":true,"href":"https:\/\/silk-pajamas.com\/pt\/wp-json\/wp\/v2\/product_cat?post=807"},{"taxonomy":"product_tag","embeddable":true,"href":"https:\/\/silk-pajamas.com\/pt\/wp-json\/wp\/v2\/product_tag?post=807"}],"curies":[{"name":"wp","href":"https:\/\/api.w.org\/{rel}","templated":true}]}}