{"id":808,"date":"2026-04-12T15:43:30","date_gmt":"2026-04-12T15:43:30","guid":{"rendered":"https:\/\/silk-pajamas.com\/16-momme-mulberry-silk-cami-tank-bias-cut-emerald\/"},"modified":"2026-05-06T06:59:39","modified_gmt":"2026-05-06T06:59:39","slug":"16-momme-mulberry-silk-cami-tank-bias-cut-emerald","status":"publish","type":"product","link":"https:\/\/silk-pajamas.com\/pt\/16-momme-mulberry-silk-cami-tank-bias-cut-emerald\/","title":{"rendered":"16 Momme Mulberry Silk Cami Tank Bias Cut Emerald"},"content":{"rendered":"<p>Confeccionada com seda de amora 16 momme, esta camisola oferece um toque suave, uma sensa\u00e7\u00e3o delicada na pele e um movimento elegante. A constru\u00e7\u00e3o de corte enviesado e a cor esmeralda mant\u00eam o visual polido para looks em camadas. Dispon\u00edvel em S, M, L, XL, XXL. Lavar \u00e0 m\u00e3o a frio ou utilizar um ciclo suave.<\/p>","protected":false},"excerpt":{"rendered":"<p>16 Cami top de seda Momme Mulberry em esmeralda. Acabamento Bias Cut, toque suave e gama de tamanhos S, M, L, XL, XXL. Concebido para looks com camadas.<\/p>","protected":false},"featured_media":1810,"template":"","meta":{"_gspb_post_css":""},"product_brand":[],"product_cat":[30],"product_tag":[635,632,636],"class_list":{"0":"post-808","1":"product","2":"type-product","3":"status-publish","4":"has-post-thumbnail","6":"product_cat-silk-cami-tank-top","7":"product_tag-16-momme-silk-cami-top-emerald","8":"product_tag-manufacturer-silk-cami-top-for-layering-looks","9":"product_tag-mulberry-silk-cami-top-bias-cut","11":"first","12":"instock","13":"shipping-taxable","14":"purchasable","15":"product-type-simple"},"_links":{"self":[{"href":"https:\/\/silk-pajamas.com\/pt\/wp-json\/wp\/v2\/product\/808","targetHints":{"allow":["GET"]}}],"collection":[{"href":"https:\/\/silk-pajamas.com\/pt\/wp-json\/wp\/v2\/product"}],"about":[{"href":"https:\/\/silk-pajamas.com\/pt\/wp-json\/wp\/v2\/types\/product"}],"wp:featuredmedia":[{"embeddable":true,"href":"https:\/\/silk-pajamas.com\/pt\/wp-json\/wp\/v2\/media\/1810"}],"wp:attachment":[{"href":"https:\/\/silk-pajamas.com\/pt\/wp-json\/wp\/v2\/media?parent=808"}],"wp:term":[{"taxonomy":"product_brand","embeddable":true,"href":"https:\/\/silk-pajamas.com\/pt\/wp-json\/wp\/v2\/product_brand?post=808"},{"taxonomy":"product_cat","embeddable":true,"href":"https:\/\/silk-pajamas.com\/pt\/wp-json\/wp\/v2\/product_cat?post=808"},{"taxonomy":"product_tag","embeddable":true,"href":"https:\/\/silk-pajamas.com\/pt\/wp-json\/wp\/v2\/product_tag?post=808"}],"curies":[{"name":"wp","href":"https:\/\/api.w.org\/{rel}","templated":true}]}}