{"id":813,"date":"2026-04-12T15:43:31","date_gmt":"2026-04-12T15:43:31","guid":{"rendered":"https:\/\/silk-pajamas.com\/16-momme-charmeuse-silk-dress-slip-rose-manufacturer\/"},"modified":"2026-05-06T03:05:28","modified_gmt":"2026-05-06T03:05:28","slug":"16-momme-charmeuse-silk-dress-slip-rose-manufacturer","status":"publish","type":"product","link":"https:\/\/silk-pajamas.com\/pt\/16-momme-charmeuse-silk-dress-slip-rose-manufacturer\/","title":{"rendered":"16 Momme Charmeuse Vestido de seda Slip Rose Fabricante"},"content":{"rendered":"<p>Este vestido de seda \u00e9 feito de seda momme charmeuse 16 num tom rosa. Apresenta um deslizamento, um toque suave e um drapeado confort\u00e1vel para as festas. O estilo \u00e9 compat\u00edvel com os tamanhos Custom e funciona bem para usar no ver\u00e3o, oferecer presentes e conforto di\u00e1rio. Lavar \u00e0 m\u00e3o a frio ou utilizar um ciclo suave.<\/p>","protected":false},"excerpt":{"rendered":"<p>16 Vestido de seda Momme Charmeuse em rosa. Acabamento deslizante, toque suave do drapeado e gama de tamanhos Custom. Concebido para as festas.<\/p>","protected":false},"featured_media":1728,"template":"","meta":{"_gspb_post_css":""},"product_brand":[],"product_cat":[29],"product_tag":[643,644,645],"class_list":{"0":"post-813","1":"product","2":"type-product","3":"status-publish","4":"has-post-thumbnail","6":"product_cat-silk-dresses","7":"product_tag-16-momme-silk-dress-rose","8":"product_tag-charmeuse-silk-dress-slip","9":"product_tag-vendor-silk-dress-for-party-edits","11":"first","12":"instock","13":"featured","14":"shipping-taxable","15":"purchasable","16":"product-type-simple"},"_links":{"self":[{"href":"https:\/\/silk-pajamas.com\/pt\/wp-json\/wp\/v2\/product\/813","targetHints":{"allow":["GET"]}}],"collection":[{"href":"https:\/\/silk-pajamas.com\/pt\/wp-json\/wp\/v2\/product"}],"about":[{"href":"https:\/\/silk-pajamas.com\/pt\/wp-json\/wp\/v2\/types\/product"}],"wp:featuredmedia":[{"embeddable":true,"href":"https:\/\/silk-pajamas.com\/pt\/wp-json\/wp\/v2\/media\/1728"}],"wp:attachment":[{"href":"https:\/\/silk-pajamas.com\/pt\/wp-json\/wp\/v2\/media?parent=813"}],"wp:term":[{"taxonomy":"product_brand","embeddable":true,"href":"https:\/\/silk-pajamas.com\/pt\/wp-json\/wp\/v2\/product_brand?post=813"},{"taxonomy":"product_cat","embeddable":true,"href":"https:\/\/silk-pajamas.com\/pt\/wp-json\/wp\/v2\/product_cat?post=813"},{"taxonomy":"product_tag","embeddable":true,"href":"https:\/\/silk-pajamas.com\/pt\/wp-json\/wp\/v2\/product_tag?post=813"}],"curies":[{"name":"wp","href":"https:\/\/api.w.org\/{rel}","templated":true}]}}