{"id":814,"date":"2026-04-12T15:43:31","date_gmt":"2026-04-12T15:43:31","guid":{"rendered":"https:\/\/silk-pajamas.com\/19-momme-mulberry-silk-dress-bias-cut-leopard\/"},"modified":"2026-05-06T03:07:40","modified_gmt":"2026-05-06T03:07:40","slug":"19-momme-mulberry-silk-dress-bias-cut-leopard","status":"publish","type":"product","link":"https:\/\/silk-pajamas.com\/pt\/19-momme-mulberry-silk-dress-bias-cut-leopard\/","title":{"rendered":"19 Momme Mulberry Silk Dress Bias Cut Leopard"},"content":{"rendered":"<p>Confeccionado em seda de amoreira 19 momme, este vestido de seda combina detalhes de corte enviesado com um brilho suave e um toque respir\u00e1vel. O acabamento em leopardo confere-lhe um aspeto requintado, enquanto os tamanhos S, M, L, XL, XXL ajudam a cobrir as necessidades b\u00e1sicas. Adequado para vestir em ocasi\u00f5es especiais e para os guarda-roupas de primavera. Lavar \u00e0 m\u00e3o a frio ou utilizar um ciclo suave.<\/p>","protected":false},"excerpt":{"rendered":"<p>19 Vestido de seda Momme Mulberry em seda Leopardo. Acabamento Bias Cut, toque suave e gama de tamanhos S, M, L, XL, XXL. Concebido para ocasi\u00f5es especiais.<\/p>","protected":false},"featured_media":1735,"template":"","meta":{"_gspb_post_css":""},"product_brand":[],"product_cat":[29],"product_tag":[646,647,648],"class_list":{"0":"post-814","1":"product","2":"type-product","3":"status-publish","4":"has-post-thumbnail","6":"product_cat-silk-dresses","7":"product_tag-19-momme-silk-dress-leopard","8":"product_tag-mulberry-silk-dress-bias-cut","9":"product_tag-vendor-silk-dress-for-occasion-dressing","11":"first","12":"instock","13":"shipping-taxable","14":"purchasable","15":"product-type-simple"},"_links":{"self":[{"href":"https:\/\/silk-pajamas.com\/pt\/wp-json\/wp\/v2\/product\/814","targetHints":{"allow":["GET"]}}],"collection":[{"href":"https:\/\/silk-pajamas.com\/pt\/wp-json\/wp\/v2\/product"}],"about":[{"href":"https:\/\/silk-pajamas.com\/pt\/wp-json\/wp\/v2\/types\/product"}],"wp:featuredmedia":[{"embeddable":true,"href":"https:\/\/silk-pajamas.com\/pt\/wp-json\/wp\/v2\/media\/1735"}],"wp:attachment":[{"href":"https:\/\/silk-pajamas.com\/pt\/wp-json\/wp\/v2\/media?parent=814"}],"wp:term":[{"taxonomy":"product_brand","embeddable":true,"href":"https:\/\/silk-pajamas.com\/pt\/wp-json\/wp\/v2\/product_brand?post=814"},{"taxonomy":"product_cat","embeddable":true,"href":"https:\/\/silk-pajamas.com\/pt\/wp-json\/wp\/v2\/product_cat?post=814"},{"taxonomy":"product_tag","embeddable":true,"href":"https:\/\/silk-pajamas.com\/pt\/wp-json\/wp\/v2\/product_tag?post=814"}],"curies":[{"name":"wp","href":"https:\/\/api.w.org\/{rel}","templated":true}]}}