{"id":817,"date":"2026-04-12T15:43:31","date_gmt":"2026-04-12T15:43:31","guid":{"rendered":"https:\/\/silk-pajamas.com\/25-momme-mulberry-silk-dress-maxi-ivory-factory\/"},"modified":"2026-05-06T03:32:36","modified_gmt":"2026-05-06T03:32:36","slug":"25-momme-mulberry-silk-dress-maxi-ivory-factory","status":"publish","type":"product","link":"https:\/\/silk-pajamas.com\/pt\/25-momme-mulberry-silk-dress-maxi-ivory-factory\/","title":{"rendered":"25 Momme Mulberry Silk Dress Maxi Ivory Factory"},"content":{"rendered":"<p>Feito com seda de amoreira de 25 momme, este vestido de seda oferece um toque suave, uma sensa\u00e7\u00e3o de pele delicada e um movimento elegante. A constru\u00e7\u00e3o maxi e a cor marfim mant\u00eam o look polido para mulher. Dispon\u00edvel em XL, XXL, 3XL, 4XL. Lavar \u00e0 m\u00e3o a frio ou utilizar um ciclo suave.<\/p>","protected":false},"excerpt":{"rendered":"<p>25 Vestido de seda Momme Mulberry em marfim. Acabamento maxi, toque suave e tamanhos XL, XXL, 3XL, 4XL. Concebido para as mulheres.<\/p>","protected":false},"featured_media":1753,"template":"","meta":{"_gspb_post_css":""},"product_brand":[],"product_cat":[29],"product_tag":[655,656,657],"class_list":{"0":"post-817","1":"product","2":"type-product","3":"status-publish","4":"has-post-thumbnail","6":"product_cat-silk-dresses","7":"product_tag-25-momme-silk-dress-ivory","8":"product_tag-mulberry-silk-dress-maxi","9":"product_tag-wholesale-silk-dress-for-women","11":"first","12":"instock","13":"shipping-taxable","14":"purchasable","15":"product-type-simple"},"_links":{"self":[{"href":"https:\/\/silk-pajamas.com\/pt\/wp-json\/wp\/v2\/product\/817","targetHints":{"allow":["GET"]}}],"collection":[{"href":"https:\/\/silk-pajamas.com\/pt\/wp-json\/wp\/v2\/product"}],"about":[{"href":"https:\/\/silk-pajamas.com\/pt\/wp-json\/wp\/v2\/types\/product"}],"wp:featuredmedia":[{"embeddable":true,"href":"https:\/\/silk-pajamas.com\/pt\/wp-json\/wp\/v2\/media\/1753"}],"wp:attachment":[{"href":"https:\/\/silk-pajamas.com\/pt\/wp-json\/wp\/v2\/media?parent=817"}],"wp:term":[{"taxonomy":"product_brand","embeddable":true,"href":"https:\/\/silk-pajamas.com\/pt\/wp-json\/wp\/v2\/product_brand?post=817"},{"taxonomy":"product_cat","embeddable":true,"href":"https:\/\/silk-pajamas.com\/pt\/wp-json\/wp\/v2\/product_cat?post=817"},{"taxonomy":"product_tag","embeddable":true,"href":"https:\/\/silk-pajamas.com\/pt\/wp-json\/wp\/v2\/product_tag?post=817"}],"curies":[{"name":"wp","href":"https:\/\/api.w.org\/{rel}","templated":true}]}}