{"id":819,"date":"2026-04-12T15:43:31","date_gmt":"2026-04-12T15:43:31","guid":{"rendered":"https:\/\/silk-pajamas.com\/25-momme-crepe-silk-dress-maxi-navy-manufacturer\/"},"modified":"2026-05-06T03:38:13","modified_gmt":"2026-05-06T03:38:13","slug":"25-momme-crepe-silk-dress-maxi-navy-manufacturer","status":"publish","type":"product","link":"https:\/\/silk-pajamas.com\/pt\/25-momme-crepe-silk-dress-maxi-navy-manufacturer\/","title":{"rendered":"25 Momme Crepe Silk Dress Maxi Navy Fabricante"},"content":{"rendered":"<p>Feito com crepe de seda 25 momme, este vestido de seda oferece um toque leve e suave na pele e um movimento elegante. A constru\u00e7\u00e3o maxi e a cor azul-marinho mant\u00eam o look polido para vestir em resort. Dispon\u00edvel em S, M, L, XL, XXL. Lavar \u00e0 m\u00e3o a frio ou utilizar um ciclo suave.<\/p>","protected":false},"excerpt":{"rendered":"<p>25 Vestido Momme Crepe de seda em seda, em azul-marinho. Acabamento maxi, toque leve e gama de tamanhos S, M, L, XL, XXL. Concebido para vestir em est\u00e2ncias balneares.<\/p>","protected":false},"featured_media":1758,"template":"","meta":{"_gspb_post_css":""},"product_brand":[],"product_cat":[29],"product_tag":[660,661,662],"class_list":{"0":"post-819","1":"product","2":"type-product","3":"status-publish","4":"has-post-thumbnail","6":"product_cat-silk-dresses","7":"product_tag-25-momme-silk-dress-navy","8":"product_tag-crepe-silk-dress-maxi","9":"product_tag-vendor-silk-dress-for-resort-dressing","11":"first","12":"instock","13":"shipping-taxable","14":"purchasable","15":"product-type-simple"},"_links":{"self":[{"href":"https:\/\/silk-pajamas.com\/pt\/wp-json\/wp\/v2\/product\/819","targetHints":{"allow":["GET"]}}],"collection":[{"href":"https:\/\/silk-pajamas.com\/pt\/wp-json\/wp\/v2\/product"}],"about":[{"href":"https:\/\/silk-pajamas.com\/pt\/wp-json\/wp\/v2\/types\/product"}],"wp:featuredmedia":[{"embeddable":true,"href":"https:\/\/silk-pajamas.com\/pt\/wp-json\/wp\/v2\/media\/1758"}],"wp:attachment":[{"href":"https:\/\/silk-pajamas.com\/pt\/wp-json\/wp\/v2\/media?parent=819"}],"wp:term":[{"taxonomy":"product_brand","embeddable":true,"href":"https:\/\/silk-pajamas.com\/pt\/wp-json\/wp\/v2\/product_brand?post=819"},{"taxonomy":"product_cat","embeddable":true,"href":"https:\/\/silk-pajamas.com\/pt\/wp-json\/wp\/v2\/product_cat?post=819"},{"taxonomy":"product_tag","embeddable":true,"href":"https:\/\/silk-pajamas.com\/pt\/wp-json\/wp\/v2\/product_tag?post=819"}],"curies":[{"name":"wp","href":"https:\/\/api.w.org\/{rel}","templated":true}]}}