{"id":826,"date":"2026-04-12T15:43:32","date_gmt":"2026-04-12T15:43:32","guid":{"rendered":"https:\/\/silk-pajamas.com\/16-momme-charmeuse-silk-dress-slip-black-vendor\/"},"modified":"2026-04-20T02:59:54","modified_gmt":"2026-04-20T02:59:54","slug":"16-momme-charmeuse-silk-dress-slip-black-vendor","status":"publish","type":"product","link":"https:\/\/silk-pajamas.com\/pt\/16-momme-charmeuse-silk-dress-slip-black-vendor\/","title":{"rendered":"16 Momme Charmeuse Vestido de seda Slip Preto Vendedor"},"content":{"rendered":"<p>Feito com seda charmeuse 16 momme, este vestido de seda oferece um drapeado suave, um toque suave na pele e um movimento elegante. A constru\u00e7\u00e3o em slip e a cor preta mant\u00eam o look polido para mulher. Dispon\u00edvel em XL, XXL, 3XL, 4XL. Lavar \u00e0 m\u00e3o a frio ou utilizar um ciclo suave.<\/p>","protected":false},"excerpt":{"rendered":"<p>16 Vestido de seda Momme Charmeuse em preto. Acabamento deslizante, toque suave e gama de tamanhos XL, XXL, 3XL, 4XL. Concebido para as mulheres.<\/p>","protected":false},"featured_media":1696,"template":"","meta":{"_gspb_post_css":""},"product_brand":[],"product_cat":[29],"product_tag":[677,644,678],"class_list":{"0":"post-826","1":"product","2":"type-product","3":"status-publish","4":"has-post-thumbnail","6":"product_cat-silk-dresses","7":"product_tag-16-momme-silk-dress-black","8":"product_tag-charmeuse-silk-dress-slip","9":"product_tag-vendor-silk-dress-for-women","11":"first","12":"instock","13":"shipping-taxable","14":"purchasable","15":"product-type-simple"},"_links":{"self":[{"href":"https:\/\/silk-pajamas.com\/pt\/wp-json\/wp\/v2\/product\/826","targetHints":{"allow":["GET"]}}],"collection":[{"href":"https:\/\/silk-pajamas.com\/pt\/wp-json\/wp\/v2\/product"}],"about":[{"href":"https:\/\/silk-pajamas.com\/pt\/wp-json\/wp\/v2\/types\/product"}],"wp:featuredmedia":[{"embeddable":true,"href":"https:\/\/silk-pajamas.com\/pt\/wp-json\/wp\/v2\/media\/1696"}],"wp:attachment":[{"href":"https:\/\/silk-pajamas.com\/pt\/wp-json\/wp\/v2\/media?parent=826"}],"wp:term":[{"taxonomy":"product_brand","embeddable":true,"href":"https:\/\/silk-pajamas.com\/pt\/wp-json\/wp\/v2\/product_brand?post=826"},{"taxonomy":"product_cat","embeddable":true,"href":"https:\/\/silk-pajamas.com\/pt\/wp-json\/wp\/v2\/product_cat?post=826"},{"taxonomy":"product_tag","embeddable":true,"href":"https:\/\/silk-pajamas.com\/pt\/wp-json\/wp\/v2\/product_tag?post=826"}],"curies":[{"name":"wp","href":"https:\/\/api.w.org\/{rel}","templated":true}]}}