{"id":827,"date":"2026-04-12T15:43:32","date_gmt":"2026-04-12T15:43:32","guid":{"rendered":"https:\/\/silk-pajamas.com\/16-momme-mulberry-silk-dress-slip-blush-wholesale\/"},"modified":"2026-04-20T03:01:09","modified_gmt":"2026-04-20T03:01:09","slug":"16-momme-mulberry-silk-dress-slip-blush-wholesale","status":"publish","type":"product","link":"https:\/\/silk-pajamas.com\/pt\/16-momme-mulberry-silk-dress-slip-blush-wholesale\/","title":{"rendered":"16 Momme Mulberry Silk Dress Slip Blush Wholesale"},"content":{"rendered":"<p>Confeccionado em seda de amora 16 momme, este vestido de seda combina detalhes de deslizamento com um brilho suave e um toque respir\u00e1vel. O acabamento blush confere-lhe um aspeto requintado, enquanto os tamanhos S, M, L, XL, XXL ajudam a cobrir as necessidades b\u00e1sicas. Adequado para vestir em ocasi\u00f5es especiais e para os guarda-roupas de primavera. Lavar \u00e0 m\u00e3o a frio ou utilizar um ciclo suave.<\/p>","protected":false},"excerpt":{"rendered":"<p>16 Vestido de seda Momme Mulberry em Blush. Acabamento deslizante, toque suave e gama de tamanhos S, M, L, XL, XXL. Concebido para vestir em ocasi\u00f5es especiais.<\/p>","protected":false},"featured_media":1697,"template":"","meta":{"_gspb_post_css":""},"product_brand":[],"product_cat":[29],"product_tag":[679,680,648],"class_list":{"0":"post-827","1":"product","2":"type-product","3":"status-publish","4":"has-post-thumbnail","6":"product_cat-silk-dresses","7":"product_tag-16-momme-silk-dress-blush","8":"product_tag-mulberry-silk-dress-slip","9":"product_tag-vendor-silk-dress-for-occasion-dressing","11":"first","12":"instock","13":"shipping-taxable","14":"purchasable","15":"product-type-simple"},"_links":{"self":[{"href":"https:\/\/silk-pajamas.com\/pt\/wp-json\/wp\/v2\/product\/827","targetHints":{"allow":["GET"]}}],"collection":[{"href":"https:\/\/silk-pajamas.com\/pt\/wp-json\/wp\/v2\/product"}],"about":[{"href":"https:\/\/silk-pajamas.com\/pt\/wp-json\/wp\/v2\/types\/product"}],"wp:featuredmedia":[{"embeddable":true,"href":"https:\/\/silk-pajamas.com\/pt\/wp-json\/wp\/v2\/media\/1697"}],"wp:attachment":[{"href":"https:\/\/silk-pajamas.com\/pt\/wp-json\/wp\/v2\/media?parent=827"}],"wp:term":[{"taxonomy":"product_brand","embeddable":true,"href":"https:\/\/silk-pajamas.com\/pt\/wp-json\/wp\/v2\/product_brand?post=827"},{"taxonomy":"product_cat","embeddable":true,"href":"https:\/\/silk-pajamas.com\/pt\/wp-json\/wp\/v2\/product_cat?post=827"},{"taxonomy":"product_tag","embeddable":true,"href":"https:\/\/silk-pajamas.com\/pt\/wp-json\/wp\/v2\/product_tag?post=827"}],"curies":[{"name":"wp","href":"https:\/\/api.w.org\/{rel}","templated":true}]}}