{"id":832,"date":"2026-04-12T15:43:32","date_gmt":"2026-04-12T15:43:32","guid":{"rendered":"https:\/\/silk-pajamas.com\/19-momme-charmeuse-mulberry-silk-dress-maxi-leopard\/"},"modified":"2026-05-06T02:56:11","modified_gmt":"2026-05-06T02:56:11","slug":"19-momme-charmeuse-mulberry-silk-dress-maxi-leopard","status":"publish","type":"product","link":"https:\/\/silk-pajamas.com\/pt\/19-momme-charmeuse-mulberry-silk-dress-maxi-leopard\/","title":{"rendered":"19 Momme Charmeuse Mulberry Silk Dress Maxi Leopard"},"content":{"rendered":"<p>Confeccionado em seda momme charmeuse 19, este vestido de seda oferece uma sensa\u00e7\u00e3o de pele respir\u00e1vel e suave e um movimento elegante. A constru\u00e7\u00e3o maxi e a cor de leopardo mant\u00eam o visual polido para festas. Dispon\u00edvel em XS, S, M, L, XL. Lavar \u00e0 m\u00e3o a frio ou utilizar um ciclo suave.<\/p>","protected":false},"excerpt":{"rendered":"<p>19 Vestido de seda Momme Charmeuse em seda Leopardo. Acabamento maxi, toque respir\u00e1vel e gama de tamanhos XS, S, M, L, XL. Concebido para as ocasi\u00f5es de festa.<\/p>","protected":false},"featured_media":1720,"template":"","meta":{"_gspb_post_css":""},"product_brand":[],"product_cat":[29],"product_tag":[646,673,645],"class_list":{"0":"post-832","1":"product","2":"type-product","3":"status-publish","4":"has-post-thumbnail","6":"product_cat-silk-dresses","7":"product_tag-19-momme-silk-dress-leopard","8":"product_tag-charmeuse-silk-dress-maxi","9":"product_tag-vendor-silk-dress-for-party-edits","11":"first","12":"instock","13":"shipping-taxable","14":"purchasable","15":"product-type-simple"},"_links":{"self":[{"href":"https:\/\/silk-pajamas.com\/pt\/wp-json\/wp\/v2\/product\/832","targetHints":{"allow":["GET"]}}],"collection":[{"href":"https:\/\/silk-pajamas.com\/pt\/wp-json\/wp\/v2\/product"}],"about":[{"href":"https:\/\/silk-pajamas.com\/pt\/wp-json\/wp\/v2\/types\/product"}],"wp:featuredmedia":[{"embeddable":true,"href":"https:\/\/silk-pajamas.com\/pt\/wp-json\/wp\/v2\/media\/1720"}],"wp:attachment":[{"href":"https:\/\/silk-pajamas.com\/pt\/wp-json\/wp\/v2\/media?parent=832"}],"wp:term":[{"taxonomy":"product_brand","embeddable":true,"href":"https:\/\/silk-pajamas.com\/pt\/wp-json\/wp\/v2\/product_brand?post=832"},{"taxonomy":"product_cat","embeddable":true,"href":"https:\/\/silk-pajamas.com\/pt\/wp-json\/wp\/v2\/product_cat?post=832"},{"taxonomy":"product_tag","embeddable":true,"href":"https:\/\/silk-pajamas.com\/pt\/wp-json\/wp\/v2\/product_tag?post=832"}],"curies":[{"name":"wp","href":"https:\/\/api.w.org\/{rel}","templated":true}]}}