{"id":835,"date":"2026-04-12T15:43:33","date_gmt":"2026-04-12T15:43:33","guid":{"rendered":"https:\/\/silk-pajamas.com\/19-momme-crepe-silk-jacket-kimono-black-factory\/"},"modified":"2026-04-20T02:37:34","modified_gmt":"2026-04-20T02:37:34","slug":"19-momme-crepe-silk-jacket-kimono-black-factory","status":"publish","type":"product","link":"https:\/\/silk-pajamas.com\/pt\/19-momme-crepe-silk-jacket-kimono-black-factory\/","title":{"rendered":"19 Momme Crepe Silk Jacket Kimono Preto Factory"},"content":{"rendered":"<p>Feita com crepe de seda de 19 mommes, esta leve camada exterior oferece uma sensa\u00e7\u00e3o de pele suave e respir\u00e1vel e um movimento elegante. A constru\u00e7\u00e3o em quimono e a cor preta mant\u00eam o look polido para vestir em resort. Dispon\u00edvel em M, L, XL, XXL. Lavar \u00e0 m\u00e3o a frio ou utilizar um ciclo suave.<\/p>","protected":false},"excerpt":{"rendered":"<p>19 Camada exterior leve em seda Momme Crepe em preto. Acabamento em quimono, toque respir\u00e1vel e tamanhos M, L, XL, XXL. Concebida para vestir em est\u00e2ncias balneares.<\/p>","protected":false},"featured_media":1665,"template":"","meta":{"_gspb_post_css":""},"product_brand":[],"product_cat":[33],"product_tag":[691,692,693],"class_list":{"0":"post-835","1":"product","2":"type-product","3":"status-publish","4":"has-post-thumbnail","6":"product_cat-silk-outerwears","7":"product_tag-19-momme-silk-outerwear-black","8":"product_tag-crepe-silk-outerwear-kimono","9":"product_tag-manufacturer-silk-outerwear-for-resort-dressing","11":"first","12":"instock","13":"shipping-taxable","14":"purchasable","15":"product-type-simple"},"_links":{"self":[{"href":"https:\/\/silk-pajamas.com\/pt\/wp-json\/wp\/v2\/product\/835","targetHints":{"allow":["GET"]}}],"collection":[{"href":"https:\/\/silk-pajamas.com\/pt\/wp-json\/wp\/v2\/product"}],"about":[{"href":"https:\/\/silk-pajamas.com\/pt\/wp-json\/wp\/v2\/types\/product"}],"wp:featuredmedia":[{"embeddable":true,"href":"https:\/\/silk-pajamas.com\/pt\/wp-json\/wp\/v2\/media\/1665"}],"wp:attachment":[{"href":"https:\/\/silk-pajamas.com\/pt\/wp-json\/wp\/v2\/media?parent=835"}],"wp:term":[{"taxonomy":"product_brand","embeddable":true,"href":"https:\/\/silk-pajamas.com\/pt\/wp-json\/wp\/v2\/product_brand?post=835"},{"taxonomy":"product_cat","embeddable":true,"href":"https:\/\/silk-pajamas.com\/pt\/wp-json\/wp\/v2\/product_cat?post=835"},{"taxonomy":"product_tag","embeddable":true,"href":"https:\/\/silk-pajamas.com\/pt\/wp-json\/wp\/v2\/product_tag?post=835"}],"curies":[{"name":"wp","href":"https:\/\/api.w.org\/{rel}","templated":true}]}}