{"id":837,"date":"2026-04-12T15:43:33","date_gmt":"2026-04-12T15:43:33","guid":{"rendered":"https:\/\/silk-pajamas.com\/25-momme-charmeuse-silk-cover-up-belted-lilac\/"},"modified":"2026-04-20T02:41:55","modified_gmt":"2026-04-20T02:41:55","slug":"25-momme-charmeuse-silk-cover-up-belted-lilac","status":"publish","type":"product","link":"https:\/\/silk-pajamas.com\/pt\/25-momme-charmeuse-silk-cover-up-belted-lilac\/","title":{"rendered":"25 Momme Charmeuse Silk Cover Up Belted Lilac"},"content":{"rendered":"<p>Confeccionada em seda momme charmeuse 25, esta leve camada exterior combina o pormenor do cinto com um brilho suave e um toque respir\u00e1vel. O acabamento lil\u00e1s confere-lhe um aspeto requintado, enquanto os tamanhos M, L, XL, XXL ajudam a cobrir as necessidades b\u00e1sicas. Adequado para mulheres e guarda-roupas de todas as esta\u00e7\u00f5es. Lavar \u00e0 m\u00e3o a frio ou utilizar um ciclo suave.<\/p>","protected":false},"excerpt":{"rendered":"<p>25 Camada exterior leve de seda Momme Charmeuse em lil\u00e1s. Acabamento com cinto, toque suave e tamanhos M, L, XL, XXL. Concebido para as mulheres.<\/p>","protected":false},"featured_media":1675,"template":"","meta":{"_gspb_post_css":""},"product_brand":[],"product_cat":[33],"product_tag":[697,698,696],"class_list":{"0":"post-837","1":"product","2":"type-product","3":"status-publish","4":"has-post-thumbnail","6":"product_cat-silk-outerwears","7":"product_tag-25-momme-silk-outerwear-lilac","8":"product_tag-charmeuse-silk-outerwear-belted","9":"product_tag-vendor-silk-outerwear-for-women","11":"first","12":"instock","13":"shipping-taxable","14":"purchasable","15":"product-type-simple"},"_links":{"self":[{"href":"https:\/\/silk-pajamas.com\/pt\/wp-json\/wp\/v2\/product\/837","targetHints":{"allow":["GET"]}}],"collection":[{"href":"https:\/\/silk-pajamas.com\/pt\/wp-json\/wp\/v2\/product"}],"about":[{"href":"https:\/\/silk-pajamas.com\/pt\/wp-json\/wp\/v2\/types\/product"}],"wp:featuredmedia":[{"embeddable":true,"href":"https:\/\/silk-pajamas.com\/pt\/wp-json\/wp\/v2\/media\/1675"}],"wp:attachment":[{"href":"https:\/\/silk-pajamas.com\/pt\/wp-json\/wp\/v2\/media?parent=837"}],"wp:term":[{"taxonomy":"product_brand","embeddable":true,"href":"https:\/\/silk-pajamas.com\/pt\/wp-json\/wp\/v2\/product_brand?post=837"},{"taxonomy":"product_cat","embeddable":true,"href":"https:\/\/silk-pajamas.com\/pt\/wp-json\/wp\/v2\/product_cat?post=837"},{"taxonomy":"product_tag","embeddable":true,"href":"https:\/\/silk-pajamas.com\/pt\/wp-json\/wp\/v2\/product_tag?post=837"}],"curies":[{"name":"wp","href":"https:\/\/api.w.org\/{rel}","templated":true}]}}