{"id":838,"date":"2026-04-12T15:43:33","date_gmt":"2026-04-12T15:43:33","guid":{"rendered":"https:\/\/silk-pajamas.com\/25-momme-mulberry-silk-cover-up-open-front-blush\/"},"modified":"2026-04-20T02:44:24","modified_gmt":"2026-04-20T02:44:24","slug":"25-momme-mulberry-silk-cover-up-open-front-blush","status":"publish","type":"product","link":"https:\/\/silk-pajamas.com\/pt\/25-momme-mulberry-silk-cover-up-open-front-blush\/","title":{"rendered":"25 Momme Mulberry Silk Cover Up Open Front Blush"},"content":{"rendered":"<p>Feita com seda de amora de 25 momme, esta leve camada exterior oferece uma sensa\u00e7\u00e3o de pele respir\u00e1vel e suave e um movimento elegante. A constru\u00e7\u00e3o aberta \u00e0 frente e a cor blush mant\u00eam o visual polido para looks em camadas. Dispon\u00edvel em M, L, XL, XXL. Lavar \u00e0 m\u00e3o a frio ou utilizar um ciclo suave.<\/p>","protected":false},"excerpt":{"rendered":"<p>25 Camada exterior leve de seda Momme Mulberry em Blush. Acabamento Open Front, toque respir\u00e1vel e tamanhos M, L, XL, XXL. Concebida para looks em camadas.<\/p>","protected":false},"featured_media":1677,"template":"","meta":{"_gspb_post_css":""},"product_brand":[],"product_cat":[33],"product_tag":[699,689,700],"class_list":{"0":"post-838","1":"product","2":"type-product","3":"status-publish","4":"has-post-thumbnail","6":"product_cat-silk-outerwears","7":"product_tag-25-momme-silk-outerwear-blush","8":"product_tag-mulberry-silk-outerwear-open-front","9":"product_tag-vendor-silk-outerwear-for-layering-looks","11":"first","12":"instock","13":"shipping-taxable","14":"purchasable","15":"product-type-simple"},"_links":{"self":[{"href":"https:\/\/silk-pajamas.com\/pt\/wp-json\/wp\/v2\/product\/838","targetHints":{"allow":["GET"]}}],"collection":[{"href":"https:\/\/silk-pajamas.com\/pt\/wp-json\/wp\/v2\/product"}],"about":[{"href":"https:\/\/silk-pajamas.com\/pt\/wp-json\/wp\/v2\/types\/product"}],"wp:featuredmedia":[{"embeddable":true,"href":"https:\/\/silk-pajamas.com\/pt\/wp-json\/wp\/v2\/media\/1677"}],"wp:attachment":[{"href":"https:\/\/silk-pajamas.com\/pt\/wp-json\/wp\/v2\/media?parent=838"}],"wp:term":[{"taxonomy":"product_brand","embeddable":true,"href":"https:\/\/silk-pajamas.com\/pt\/wp-json\/wp\/v2\/product_brand?post=838"},{"taxonomy":"product_cat","embeddable":true,"href":"https:\/\/silk-pajamas.com\/pt\/wp-json\/wp\/v2\/product_cat?post=838"},{"taxonomy":"product_tag","embeddable":true,"href":"https:\/\/silk-pajamas.com\/pt\/wp-json\/wp\/v2\/product_tag?post=838"}],"curies":[{"name":"wp","href":"https:\/\/api.w.org\/{rel}","templated":true}]}}