{"id":839,"date":"2026-04-12T15:43:33","date_gmt":"2026-04-12T15:43:33","guid":{"rendered":"https:\/\/silk-pajamas.com\/19-momme-mulberry-silk-outerwear-bomber-sage\/"},"modified":"2026-04-20T02:47:53","modified_gmt":"2026-04-20T02:47:53","slug":"19-momme-mulberry-silk-outerwear-bomber-sage","status":"publish","type":"product","link":"https:\/\/silk-pajamas.com\/pt\/19-momme-mulberry-silk-outerwear-bomber-sage\/","title":{"rendered":"19 Momme Mulberry Silk Outerwear Bomber Sage"},"content":{"rendered":"<p>Esta leve camada exterior \u00e9 confeccionada em seda de amora de 19 momos num tom s\u00e1lvia. Apresenta um toque de bombardeiro, um toque suave e um drapeado confort\u00e1vel para mulher. O estilo \u00e9 compat\u00edvel com os tamanhos M, L, XL, XXL e funciona bem para usar no ver\u00e3o, para oferecer e para o conforto di\u00e1rio. Lavar \u00e0 m\u00e3o a frio ou utilizar um ciclo suave.<\/p>","protected":false},"excerpt":{"rendered":"<p>19 Camada exterior leve de seda Momme Mulberry em Sage. Acabamento bombardeiro, toque respir\u00e1vel e gama de tamanhos M, L, XL, XXL. Concebido para as mulheres.<\/p>","protected":false},"featured_media":1681,"template":"","meta":{"_gspb_post_css":""},"product_brand":[],"product_cat":[33],"product_tag":[701,702,696],"class_list":{"0":"post-839","1":"product","2":"type-product","3":"status-publish","4":"has-post-thumbnail","6":"product_cat-silk-outerwears","7":"product_tag-19-momme-silk-outerwear-sage","8":"product_tag-mulberry-silk-outerwear-bomber","9":"product_tag-vendor-silk-outerwear-for-women","11":"first","12":"instock","13":"featured","14":"shipping-taxable","15":"purchasable","16":"product-type-simple"},"_links":{"self":[{"href":"https:\/\/silk-pajamas.com\/pt\/wp-json\/wp\/v2\/product\/839","targetHints":{"allow":["GET"]}}],"collection":[{"href":"https:\/\/silk-pajamas.com\/pt\/wp-json\/wp\/v2\/product"}],"about":[{"href":"https:\/\/silk-pajamas.com\/pt\/wp-json\/wp\/v2\/types\/product"}],"wp:featuredmedia":[{"embeddable":true,"href":"https:\/\/silk-pajamas.com\/pt\/wp-json\/wp\/v2\/media\/1681"}],"wp:attachment":[{"href":"https:\/\/silk-pajamas.com\/pt\/wp-json\/wp\/v2\/media?parent=839"}],"wp:term":[{"taxonomy":"product_brand","embeddable":true,"href":"https:\/\/silk-pajamas.com\/pt\/wp-json\/wp\/v2\/product_brand?post=839"},{"taxonomy":"product_cat","embeddable":true,"href":"https:\/\/silk-pajamas.com\/pt\/wp-json\/wp\/v2\/product_cat?post=839"},{"taxonomy":"product_tag","embeddable":true,"href":"https:\/\/silk-pajamas.com\/pt\/wp-json\/wp\/v2\/product_tag?post=839"}],"curies":[{"name":"wp","href":"https:\/\/api.w.org\/{rel}","templated":true}]}}