{"id":841,"date":"2026-04-12T15:43:33","date_gmt":"2026-04-12T15:43:33","guid":{"rendered":"https:\/\/silk-pajamas.com\/25-momme-charmeuse-silk-jacket-quilted-black\/"},"modified":"2026-04-20T02:50:44","modified_gmt":"2026-04-20T02:50:44","slug":"25-momme-charmeuse-silk-jacket-quilted-black","status":"publish","type":"product","link":"https:\/\/silk-pajamas.com\/pt\/25-momme-charmeuse-silk-jacket-quilted-black\/","title":{"rendered":"25 Momme Casaco de seda charmeuse acolchoado preto"},"content":{"rendered":"<p>Confeccionada em seda charmeuse 25 momme, esta leve camada exterior combina detalhes acolchoados com um brilho suave e um toque respir\u00e1vel. O acabamento em preto confere-lhe um aspeto requintado, enquanto os tamanhos One Size ajudam a cobrir as necessidades b\u00e1sicas. Adequado para looks em camadas e guarda-roupas de outono. Lavar \u00e0 m\u00e3o a frio ou utilizar um ciclo suave.<\/p>","protected":false},"excerpt":{"rendered":"<p>25 Camada exterior leve de seda Momme Charmeuse em preto. Acabamento acolchoado, toque resistente \u00e0s rugas e tamanho \u00fanico. Concebida para os looks de sobreposi\u00e7\u00e3o.<\/p>","protected":false},"featured_media":1687,"template":"","meta":{"_gspb_post_css":""},"product_brand":[],"product_cat":[33],"product_tag":[706,707,708],"class_list":{"0":"post-841","1":"product","2":"type-product","3":"status-publish","4":"has-post-thumbnail","6":"product_cat-silk-outerwears","7":"product_tag-25-momme-silk-outerwear-black","8":"product_tag-charmeuse-silk-outerwear-quilted","9":"product_tag-manufacturer-silk-outerwear-for-layering-looks","11":"first","12":"instock","13":"shipping-taxable","14":"purchasable","15":"product-type-simple"},"_links":{"self":[{"href":"https:\/\/silk-pajamas.com\/pt\/wp-json\/wp\/v2\/product\/841","targetHints":{"allow":["GET"]}}],"collection":[{"href":"https:\/\/silk-pajamas.com\/pt\/wp-json\/wp\/v2\/product"}],"about":[{"href":"https:\/\/silk-pajamas.com\/pt\/wp-json\/wp\/v2\/types\/product"}],"wp:featuredmedia":[{"embeddable":true,"href":"https:\/\/silk-pajamas.com\/pt\/wp-json\/wp\/v2\/media\/1687"}],"wp:attachment":[{"href":"https:\/\/silk-pajamas.com\/pt\/wp-json\/wp\/v2\/media?parent=841"}],"wp:term":[{"taxonomy":"product_brand","embeddable":true,"href":"https:\/\/silk-pajamas.com\/pt\/wp-json\/wp\/v2\/product_brand?post=841"},{"taxonomy":"product_cat","embeddable":true,"href":"https:\/\/silk-pajamas.com\/pt\/wp-json\/wp\/v2\/product_cat?post=841"},{"taxonomy":"product_tag","embeddable":true,"href":"https:\/\/silk-pajamas.com\/pt\/wp-json\/wp\/v2\/product_tag?post=841"}],"curies":[{"name":"wp","href":"https:\/\/api.w.org\/{rel}","templated":true}]}}