{"id":850,"date":"2026-04-12T15:43:34","date_gmt":"2026-04-12T15:43:34","guid":{"rendered":"https:\/\/silk-pajamas.com\/25-momme-charmeuse-silk-outerwear-quilted-navy\/"},"modified":"2026-04-19T08:23:50","modified_gmt":"2026-04-19T08:23:50","slug":"25-momme-charmeuse-silk-outerwear-quilted-navy","status":"publish","type":"product","link":"https:\/\/silk-pajamas.com\/pt\/25-momme-charmeuse-silk-outerwear-quilted-navy\/","title":{"rendered":"25 Momme Charmeuse Silk Outerwear Quilted Navy"},"content":{"rendered":"<p>Feita com seda charmeuse 25 momme, esta camada exterior leve oferece um drapeado suave, uma sensa\u00e7\u00e3o suave na pele e um movimento elegante. A constru\u00e7\u00e3o acolchoada e a cor azul-marinho mant\u00eam o look polido para vestir em resort. Dispon\u00edvel em M, L, XL, XXL. Lavar \u00e0 m\u00e3o a frio ou utilizar um ciclo suave.<\/p>","protected":false},"excerpt":{"rendered":"<p>25 Camada exterior leve de seda Momme Charmeuse em azul-marinho. Acabamento acolchoado, toque suave e gama de tamanhos M, L, XL, XXL. Concebida para vestir em est\u00e2ncias balneares.<\/p>","protected":false},"featured_media":1641,"template":"","meta":{"_gspb_post_css":""},"product_brand":[],"product_cat":[33],"product_tag":[728,707,729],"class_list":{"0":"post-850","1":"product","2":"type-product","3":"status-publish","4":"has-post-thumbnail","6":"product_cat-silk-outerwears","7":"product_tag-25-momme-silk-outerwear-navy","8":"product_tag-charmeuse-silk-outerwear-quilted","9":"product_tag-factory-silk-outerwear-for-resort-dressing","11":"first","12":"instock","13":"shipping-taxable","14":"purchasable","15":"product-type-simple"},"_links":{"self":[{"href":"https:\/\/silk-pajamas.com\/pt\/wp-json\/wp\/v2\/product\/850","targetHints":{"allow":["GET"]}}],"collection":[{"href":"https:\/\/silk-pajamas.com\/pt\/wp-json\/wp\/v2\/product"}],"about":[{"href":"https:\/\/silk-pajamas.com\/pt\/wp-json\/wp\/v2\/types\/product"}],"wp:featuredmedia":[{"embeddable":true,"href":"https:\/\/silk-pajamas.com\/pt\/wp-json\/wp\/v2\/media\/1641"}],"wp:attachment":[{"href":"https:\/\/silk-pajamas.com\/pt\/wp-json\/wp\/v2\/media?parent=850"}],"wp:term":[{"taxonomy":"product_brand","embeddable":true,"href":"https:\/\/silk-pajamas.com\/pt\/wp-json\/wp\/v2\/product_brand?post=850"},{"taxonomy":"product_cat","embeddable":true,"href":"https:\/\/silk-pajamas.com\/pt\/wp-json\/wp\/v2\/product_cat?post=850"},{"taxonomy":"product_tag","embeddable":true,"href":"https:\/\/silk-pajamas.com\/pt\/wp-json\/wp\/v2\/product_tag?post=850"}],"curies":[{"name":"wp","href":"https:\/\/api.w.org\/{rel}","templated":true}]}}