{"id":855,"date":"2026-04-12T15:43:34","date_gmt":"2026-04-12T15:43:34","guid":{"rendered":"https:\/\/silk-pajamas.com\/16-momme-charmeuse-silk-jacket-open-front-wine\/"},"modified":"2026-04-20T02:32:11","modified_gmt":"2026-04-20T02:32:11","slug":"16-momme-charmeuse-silk-jacket-open-front-wine","status":"publish","type":"product","link":"https:\/\/silk-pajamas.com\/pt\/16-momme-charmeuse-silk-jacket-open-front-wine\/","title":{"rendered":"16 Momme Charmeuse Silk Jacket Open Front Wine"},"content":{"rendered":"<p>Esta leve camada exterior \u00e9 feita de seda 16 momme charmeuse num tom de vinho. Apresenta uma frente aberta, um toque suave e um drapeado confort\u00e1vel para mulher. O estilo suporta tamanhos personalizados e funciona bem para usar no outono, para presentear e para o conforto di\u00e1rio. Lavar \u00e0 m\u00e3o a frio ou utilizar um ciclo suave.<\/p>","protected":false},"excerpt":{"rendered":"<p>16 Momme Charmeuse de seda leve em vinho. Acabamento aberto na frente, toque suave e gama de tamanhos personalizada. Concebido para as mulheres.<\/p>","protected":false},"featured_media":1629,"template":"","meta":{"_gspb_post_css":""},"product_brand":[],"product_cat":[33],"product_tag":[722,733,727],"class_list":{"0":"post-855","1":"product","2":"type-product","3":"status-publish","4":"has-post-thumbnail","6":"product_cat-silk-outerwears","7":"product_tag-16-momme-silk-outerwear-wine","8":"product_tag-charmeuse-silk-outerwear-open-front","9":"product_tag-factory-silk-outerwear-for-women","11":"first","12":"instock","13":"shipping-taxable","14":"purchasable","15":"product-type-simple"},"_links":{"self":[{"href":"https:\/\/silk-pajamas.com\/pt\/wp-json\/wp\/v2\/product\/855","targetHints":{"allow":["GET"]}}],"collection":[{"href":"https:\/\/silk-pajamas.com\/pt\/wp-json\/wp\/v2\/product"}],"about":[{"href":"https:\/\/silk-pajamas.com\/pt\/wp-json\/wp\/v2\/types\/product"}],"wp:featuredmedia":[{"embeddable":true,"href":"https:\/\/silk-pajamas.com\/pt\/wp-json\/wp\/v2\/media\/1629"}],"wp:attachment":[{"href":"https:\/\/silk-pajamas.com\/pt\/wp-json\/wp\/v2\/media?parent=855"}],"wp:term":[{"taxonomy":"product_brand","embeddable":true,"href":"https:\/\/silk-pajamas.com\/pt\/wp-json\/wp\/v2\/product_brand?post=855"},{"taxonomy":"product_cat","embeddable":true,"href":"https:\/\/silk-pajamas.com\/pt\/wp-json\/wp\/v2\/product_cat?post=855"},{"taxonomy":"product_tag","embeddable":true,"href":"https:\/\/silk-pajamas.com\/pt\/wp-json\/wp\/v2\/product_tag?post=855"}],"curies":[{"name":"wp","href":"https:\/\/api.w.org\/{rel}","templated":true}]}}