{"id":857,"date":"2026-04-12T15:43:35","date_gmt":"2026-04-12T15:43:35","guid":{"rendered":"https:\/\/silk-pajamas.com\/19-momme-crepe-mulberry-silk-pants-straight-leg-lilac\/"},"modified":"2026-04-19T07:44:25","modified_gmt":"2026-04-19T07:44:25","slug":"19-momme-crepe-mulberry-silk-pants-straight-leg-lilac","status":"publish","type":"product","link":"https:\/\/silk-pajamas.com\/pt\/19-momme-crepe-mulberry-silk-pants-straight-leg-lilac\/","title":{"rendered":"19 Momme Crepe Mulberry Silk Pants Straight Leg Lilac"},"content":{"rendered":"<p>Estas cal\u00e7as de seda por medida s\u00e3o feitas de crepe de seda momme 19 num tom lil\u00e1s. Apresenta uma perna direita, um toque suave e um drapeado confort\u00e1vel para roupa de escrit\u00f3rio. O estilo suporta tamanhos personalizados e funciona bem para usar na primavera, oferecer presentes e conforto di\u00e1rio. Lavar \u00e0 m\u00e3o a frio ou utilizar um ciclo suave.<\/p>","protected":false},"excerpt":{"rendered":"<p>19 Momme Crepe de seda cal\u00e7as de seda por medida em lil\u00e1s. Acabamento Straight Leg, toque leve e gama de tamanhos Custom. Concebidas para o vestu\u00e1rio de escrit\u00f3rio.<\/p>","protected":false},"featured_media":1602,"template":"","meta":{"_gspb_post_css":""},"product_brand":[],"product_cat":[31],"product_tag":[740,741,742],"class_list":{"0":"post-857","1":"product","2":"type-product","3":"status-publish","4":"has-post-thumbnail","6":"product_cat-silk-pants","7":"product_tag-19-momme-silk-pants-lilac","8":"product_tag-crepe-silk-pants-straight-leg","9":"product_tag-manufacturer-silk-pants-for-office-outfits","11":"first","12":"instock","13":"shipping-taxable","14":"purchasable","15":"product-type-simple"},"_links":{"self":[{"href":"https:\/\/silk-pajamas.com\/pt\/wp-json\/wp\/v2\/product\/857","targetHints":{"allow":["GET"]}}],"collection":[{"href":"https:\/\/silk-pajamas.com\/pt\/wp-json\/wp\/v2\/product"}],"about":[{"href":"https:\/\/silk-pajamas.com\/pt\/wp-json\/wp\/v2\/types\/product"}],"wp:featuredmedia":[{"embeddable":true,"href":"https:\/\/silk-pajamas.com\/pt\/wp-json\/wp\/v2\/media\/1602"}],"wp:attachment":[{"href":"https:\/\/silk-pajamas.com\/pt\/wp-json\/wp\/v2\/media?parent=857"}],"wp:term":[{"taxonomy":"product_brand","embeddable":true,"href":"https:\/\/silk-pajamas.com\/pt\/wp-json\/wp\/v2\/product_brand?post=857"},{"taxonomy":"product_cat","embeddable":true,"href":"https:\/\/silk-pajamas.com\/pt\/wp-json\/wp\/v2\/product_cat?post=857"},{"taxonomy":"product_tag","embeddable":true,"href":"https:\/\/silk-pajamas.com\/pt\/wp-json\/wp\/v2\/product_tag?post=857"}],"curies":[{"name":"wp","href":"https:\/\/api.w.org\/{rel}","templated":true}]}}