{"id":858,"date":"2026-04-12T15:43:35","date_gmt":"2026-04-12T15:43:35","guid":{"rendered":"https:\/\/silk-pajamas.com\/19-momme-mulberry-silk-pants-ankle-length-black\/"},"modified":"2026-04-19T07:46:37","modified_gmt":"2026-04-19T07:46:37","slug":"19-momme-mulberry-silk-pants-ankle-length-black","status":"publish","type":"product","link":"https:\/\/silk-pajamas.com\/pt\/19-momme-mulberry-silk-pants-ankle-length-black\/","title":{"rendered":"19 Momme Mulberry Silk Pants Ankle Length Preto"},"content":{"rendered":"<p>Confeccionadas em seda de amora de 19 momme, estas cal\u00e7as de seda por medida combinam o pormenor do comprimento at\u00e9 ao tornozelo com um brilho suave e um toque respir\u00e1vel. O acabamento em preto confere-lhe um aspeto requintado, enquanto os tamanhos Custom ajudam a cobrir as necessidades essenciais. Adequadas para utiliza\u00e7\u00e3o em viagem e para guarda-roupas de primavera. Lavar \u00e0 m\u00e3o a frio ou utilizar um ciclo suave.<\/p>","protected":false},"excerpt":{"rendered":"<p>19 Momme Mulberry cal\u00e7as de seda por medida em preto. Acabamento at\u00e9 ao tornozelo, toque leve e gama de tamanhos Custom. Concebidas para utiliza\u00e7\u00e3o em viagem.<\/p>","protected":false},"featured_media":1607,"template":"","meta":{"_gspb_post_css":""},"product_brand":[],"product_cat":[31],"product_tag":[743,744,738],"class_list":{"0":"post-858","1":"product","2":"type-product","3":"status-publish","4":"has-post-thumbnail","6":"product_cat-silk-pants","7":"product_tag-19-momme-silk-pants-black","8":"product_tag-factory-silk-pants-for-travel-use","9":"product_tag-mulberry-silk-pants-ankle-length","11":"first","12":"instock","13":"shipping-taxable","14":"purchasable","15":"product-type-simple"},"_links":{"self":[{"href":"https:\/\/silk-pajamas.com\/pt\/wp-json\/wp\/v2\/product\/858","targetHints":{"allow":["GET"]}}],"collection":[{"href":"https:\/\/silk-pajamas.com\/pt\/wp-json\/wp\/v2\/product"}],"about":[{"href":"https:\/\/silk-pajamas.com\/pt\/wp-json\/wp\/v2\/types\/product"}],"wp:featuredmedia":[{"embeddable":true,"href":"https:\/\/silk-pajamas.com\/pt\/wp-json\/wp\/v2\/media\/1607"}],"wp:attachment":[{"href":"https:\/\/silk-pajamas.com\/pt\/wp-json\/wp\/v2\/media?parent=858"}],"wp:term":[{"taxonomy":"product_brand","embeddable":true,"href":"https:\/\/silk-pajamas.com\/pt\/wp-json\/wp\/v2\/product_brand?post=858"},{"taxonomy":"product_cat","embeddable":true,"href":"https:\/\/silk-pajamas.com\/pt\/wp-json\/wp\/v2\/product_cat?post=858"},{"taxonomy":"product_tag","embeddable":true,"href":"https:\/\/silk-pajamas.com\/pt\/wp-json\/wp\/v2\/product_tag?post=858"}],"curies":[{"name":"wp","href":"https:\/\/api.w.org\/{rel}","templated":true}]}}