{"id":860,"date":"2026-04-12T15:43:35","date_gmt":"2026-04-12T15:43:35","guid":{"rendered":"https:\/\/silk-pajamas.com\/22-momme-crepe-mulberry-silk-pants-ankle-length-coffee\/"},"modified":"2026-04-19T07:47:33","modified_gmt":"2026-04-19T07:47:33","slug":"22-momme-crepe-mulberry-silk-pants-ankle-length-coffee","status":"publish","type":"product","link":"https:\/\/silk-pajamas.com\/pt\/22-momme-crepe-mulberry-silk-pants-ankle-length-coffee\/","title":{"rendered":"22 Momme Crepe Mulberry Silk Pants Ankle Length Coffee"},"content":{"rendered":"<p>Feitas com crepe de seda 22 momme, estas cal\u00e7as de seda por medida oferecem uma sensa\u00e7\u00e3o de pele suave e respir\u00e1vel e um movimento elegante. A constru\u00e7\u00e3o at\u00e9 ao tornozelo e a cor caf\u00e9 mant\u00eam o visual polido para utiliza\u00e7\u00e3o em viagem. Dispon\u00edvel em XS, S, M, L, XL, XXL. Lavar \u00e0 m\u00e3o a frio ou utilizar um ciclo suave.<\/p>","protected":false},"excerpt":{"rendered":"<p>22 Momme Crepe de seda cal\u00e7as de seda por medida em Caf\u00e9. Acabamento at\u00e9 ao tornozelo, toque respir\u00e1vel e gama de tamanhos XS, S, M, L, XL, XXL. Concebidas para utiliza\u00e7\u00e3o em viagem.<\/p>","protected":false},"featured_media":1588,"template":"","meta":{"_gspb_post_css":""},"product_brand":[],"product_cat":[31],"product_tag":[745,748,749],"class_list":{"0":"post-860","1":"product","2":"type-product","3":"status-publish","4":"has-post-thumbnail","6":"product_cat-silk-pants","7":"product_tag-22-momme-silk-pants-coffee","8":"product_tag-crepe-silk-pants-ankle-length","9":"product_tag-manufacturer-silk-pants-for-travel-use","11":"first","12":"instock","13":"shipping-taxable","14":"purchasable","15":"product-type-simple"},"_links":{"self":[{"href":"https:\/\/silk-pajamas.com\/pt\/wp-json\/wp\/v2\/product\/860","targetHints":{"allow":["GET"]}}],"collection":[{"href":"https:\/\/silk-pajamas.com\/pt\/wp-json\/wp\/v2\/product"}],"about":[{"href":"https:\/\/silk-pajamas.com\/pt\/wp-json\/wp\/v2\/types\/product"}],"wp:featuredmedia":[{"embeddable":true,"href":"https:\/\/silk-pajamas.com\/pt\/wp-json\/wp\/v2\/media\/1588"}],"wp:attachment":[{"href":"https:\/\/silk-pajamas.com\/pt\/wp-json\/wp\/v2\/media?parent=860"}],"wp:term":[{"taxonomy":"product_brand","embeddable":true,"href":"https:\/\/silk-pajamas.com\/pt\/wp-json\/wp\/v2\/product_brand?post=860"},{"taxonomy":"product_cat","embeddable":true,"href":"https:\/\/silk-pajamas.com\/pt\/wp-json\/wp\/v2\/product_cat?post=860"},{"taxonomy":"product_tag","embeddable":true,"href":"https:\/\/silk-pajamas.com\/pt\/wp-json\/wp\/v2\/product_tag?post=860"}],"curies":[{"name":"wp","href":"https:\/\/api.w.org\/{rel}","templated":true}]}}