{"id":861,"date":"2026-04-12T15:43:35","date_gmt":"2026-04-12T15:43:35","guid":{"rendered":"https:\/\/silk-pajamas.com\/19-momme-sandwashed-mulberry-silk-pants-high-rise-emerald\/"},"modified":"2026-04-19T07:49:54","modified_gmt":"2026-04-19T07:49:54","slug":"19-momme-sandwashed-mulberry-silk-pants-high-rise-emerald","status":"publish","type":"product","link":"https:\/\/silk-pajamas.com\/pt\/19-momme-sandwashed-mulberry-silk-pants-high-rise-emerald\/","title":{"rendered":"19 Momme Cal\u00e7as de seda de amora lavadas em malha alta esmeralda"},"content":{"rendered":"<p>Estas cal\u00e7as de seda por medida s\u00e3o feitas de seda 19 momme em tom esmeralda. Apresenta uma cintura alta, um toque suave e um drapeado confort\u00e1vel para roupa de escrit\u00f3rio. O estilo suporta tamanhos personalizados e funciona bem para usar na primavera, oferecer presentes e conforto di\u00e1rio. Lavar \u00e0 m\u00e3o a frio ou utilizar um ciclo suave.<\/p>","protected":false},"excerpt":{"rendered":"<p>19 Momme Cal\u00e7as de seda por medida em seda Sandwashed em Esmeralda. Acabamento High Rise, toque resistente \u00e0s rugas e gama de tamanhos Custom. Concebidas para o vestu\u00e1rio de escrit\u00f3rio.<\/p>","protected":false},"featured_media":1611,"template":"","meta":{"_gspb_post_css":""},"product_brand":[],"product_cat":[31],"product_tag":[750,747,751],"class_list":{"0":"post-861","1":"product","2":"type-product","3":"status-publish","4":"has-post-thumbnail","6":"product_cat-silk-pants","7":"product_tag-19-momme-silk-pants-emerald","8":"product_tag-factory-silk-pants-for-office-outfits","9":"product_tag-sandwashed-silk-pants-high-rise","11":"first","12":"instock","13":"featured","14":"shipping-taxable","15":"purchasable","16":"product-type-simple"},"_links":{"self":[{"href":"https:\/\/silk-pajamas.com\/pt\/wp-json\/wp\/v2\/product\/861","targetHints":{"allow":["GET"]}}],"collection":[{"href":"https:\/\/silk-pajamas.com\/pt\/wp-json\/wp\/v2\/product"}],"about":[{"href":"https:\/\/silk-pajamas.com\/pt\/wp-json\/wp\/v2\/types\/product"}],"wp:featuredmedia":[{"embeddable":true,"href":"https:\/\/silk-pajamas.com\/pt\/wp-json\/wp\/v2\/media\/1611"}],"wp:attachment":[{"href":"https:\/\/silk-pajamas.com\/pt\/wp-json\/wp\/v2\/media?parent=861"}],"wp:term":[{"taxonomy":"product_brand","embeddable":true,"href":"https:\/\/silk-pajamas.com\/pt\/wp-json\/wp\/v2\/product_brand?post=861"},{"taxonomy":"product_cat","embeddable":true,"href":"https:\/\/silk-pajamas.com\/pt\/wp-json\/wp\/v2\/product_cat?post=861"},{"taxonomy":"product_tag","embeddable":true,"href":"https:\/\/silk-pajamas.com\/pt\/wp-json\/wp\/v2\/product_tag?post=861"}],"curies":[{"name":"wp","href":"https:\/\/api.w.org\/{rel}","templated":true}]}}