{"id":862,"date":"2026-04-12T15:43:36","date_gmt":"2026-04-12T15:43:36","guid":{"rendered":"https:\/\/silk-pajamas.com\/16-momme-charmeuse-mulberry-silk-pants-high-rise-black\/"},"modified":"2026-04-19T07:39:06","modified_gmt":"2026-04-19T07:39:06","slug":"16-momme-charmeuse-mulberry-silk-pants-high-rise-black","status":"publish","type":"product","link":"https:\/\/silk-pajamas.com\/pt\/16-momme-charmeuse-mulberry-silk-pants-high-rise-black\/","title":{"rendered":"16 Momme Charmeuse Mulberry Silk Pants High Rise Preto"},"content":{"rendered":"<p>Confeccionadas em seda momme charmeuse 16, estas cal\u00e7as de seda por medida combinam detalhes de cintura alta com um brilho suave e um toque respir\u00e1vel. O acabamento em preto confere-lhe um aspeto requintado, enquanto os tamanhos XL, XXL, 3XL e 4XL ajudam a satisfazer as necessidades b\u00e1sicas. Adequado para vestir em est\u00e2ncias balneares e guarda-roupas de outono. Lavar \u00e0 m\u00e3o a frio ou utilizar um ciclo suave.<\/p>","protected":false},"excerpt":{"rendered":"<p>16 Cal\u00e7as de seda Momme Charmeuse por medida em preto. Acabamento High Rise, toque suave e gama de tamanhos XL, XXL, 3XL, 4XL. Concebidas para vestir em est\u00e2ncias balneares.<\/p>","protected":false},"featured_media":1582,"template":"","meta":{"_gspb_post_css":""},"product_brand":[],"product_cat":[31],"product_tag":[752,753,754],"class_list":{"0":"post-862","1":"product","2":"type-product","3":"status-publish","4":"has-post-thumbnail","6":"product_cat-silk-pants","7":"product_tag-16-momme-silk-pants-black","8":"product_tag-charmeuse-silk-pants-high-rise","9":"product_tag-vendor-silk-pants-for-resort-dressing","11":"first","12":"instock","13":"shipping-taxable","14":"purchasable","15":"product-type-simple"},"_links":{"self":[{"href":"https:\/\/silk-pajamas.com\/pt\/wp-json\/wp\/v2\/product\/862","targetHints":{"allow":["GET"]}}],"collection":[{"href":"https:\/\/silk-pajamas.com\/pt\/wp-json\/wp\/v2\/product"}],"about":[{"href":"https:\/\/silk-pajamas.com\/pt\/wp-json\/wp\/v2\/types\/product"}],"wp:featuredmedia":[{"embeddable":true,"href":"https:\/\/silk-pajamas.com\/pt\/wp-json\/wp\/v2\/media\/1582"}],"wp:attachment":[{"href":"https:\/\/silk-pajamas.com\/pt\/wp-json\/wp\/v2\/media?parent=862"}],"wp:term":[{"taxonomy":"product_brand","embeddable":true,"href":"https:\/\/silk-pajamas.com\/pt\/wp-json\/wp\/v2\/product_brand?post=862"},{"taxonomy":"product_cat","embeddable":true,"href":"https:\/\/silk-pajamas.com\/pt\/wp-json\/wp\/v2\/product_cat?post=862"},{"taxonomy":"product_tag","embeddable":true,"href":"https:\/\/silk-pajamas.com\/pt\/wp-json\/wp\/v2\/product_tag?post=862"}],"curies":[{"name":"wp","href":"https:\/\/api.w.org\/{rel}","templated":true}]}}