{"id":867,"date":"2026-04-12T15:43:37","date_gmt":"2026-04-12T15:43:37","guid":{"rendered":"https:\/\/silk-pajamas.com\/22-momme-charmeuse-silk-pants-drawstring-ivory\/"},"modified":"2026-04-19T07:22:19","modified_gmt":"2026-04-19T07:22:19","slug":"22-momme-charmeuse-silk-pants-drawstring-ivory","status":"publish","type":"product","link":"https:\/\/silk-pajamas.com\/pt\/22-momme-charmeuse-silk-pants-drawstring-ivory\/","title":{"rendered":"22 Momme Charmeuse Silk Pants Drawstring Ivory"},"content":{"rendered":"<p>Feitas com seda momme charmeuse 22, estas cal\u00e7as de seda por medida oferecem um drapeado suave, um toque suave na pele e um movimento elegante. A constru\u00e7\u00e3o com cord\u00f5es e a cor marfim mant\u00eam o look polido para vestir no resort. Dispon\u00edvel em XL, XXL, 3XL, 4XL. Lavar \u00e0 m\u00e3o a frio ou utilizar um ciclo suave.<\/p>","protected":false},"excerpt":{"rendered":"<p>22 Cal\u00e7as de seda Momme Charmeuse por medida em marfim. Acabamento com cord\u00e3o, toque suave e gama de tamanhos XL, XXL, 3XL, 4XL. Concebidas para vestir em est\u00e2ncias balneares.<\/p>","protected":false},"featured_media":1559,"template":"","meta":{"_gspb_post_css":""},"product_brand":[],"product_cat":[31],"product_tag":[765,766,759],"class_list":{"0":"post-867","1":"product","2":"type-product","3":"status-publish","4":"has-post-thumbnail","6":"product_cat-silk-pants","7":"product_tag-22-momme-silk-pants-ivory","8":"product_tag-charmeuse-silk-pants-drawstring","9":"product_tag-manufacturer-silk-pants-for-resort-dressing","11":"first","12":"instock","13":"shipping-taxable","14":"purchasable","15":"product-type-simple"},"_links":{"self":[{"href":"https:\/\/silk-pajamas.com\/pt\/wp-json\/wp\/v2\/product\/867","targetHints":{"allow":["GET"]}}],"collection":[{"href":"https:\/\/silk-pajamas.com\/pt\/wp-json\/wp\/v2\/product"}],"about":[{"href":"https:\/\/silk-pajamas.com\/pt\/wp-json\/wp\/v2\/types\/product"}],"wp:featuredmedia":[{"embeddable":true,"href":"https:\/\/silk-pajamas.com\/pt\/wp-json\/wp\/v2\/media\/1559"}],"wp:attachment":[{"href":"https:\/\/silk-pajamas.com\/pt\/wp-json\/wp\/v2\/media?parent=867"}],"wp:term":[{"taxonomy":"product_brand","embeddable":true,"href":"https:\/\/silk-pajamas.com\/pt\/wp-json\/wp\/v2\/product_brand?post=867"},{"taxonomy":"product_cat","embeddable":true,"href":"https:\/\/silk-pajamas.com\/pt\/wp-json\/wp\/v2\/product_cat?post=867"},{"taxonomy":"product_tag","embeddable":true,"href":"https:\/\/silk-pajamas.com\/pt\/wp-json\/wp\/v2\/product_tag?post=867"}],"curies":[{"name":"wp","href":"https:\/\/api.w.org\/{rel}","templated":true}]}}