{"id":870,"date":"2026-04-12T15:43:37","date_gmt":"2026-04-12T15:43:37","guid":{"rendered":"https:\/\/silk-pajamas.com\/25-momme-sandwashed-silk-pants-high-rise-floral\/"},"modified":"2026-04-19T07:28:49","modified_gmt":"2026-04-19T07:28:49","slug":"25-momme-sandwashed-silk-pants-high-rise-floral","status":"publish","type":"product","link":"https:\/\/silk-pajamas.com\/pt\/25-momme-sandwashed-silk-pants-high-rise-floral\/","title":{"rendered":"25 Momme Cal\u00e7as de seda com corte de malha Floral de cintura alta"},"content":{"rendered":"<p>Confeccionadas em seda lavada de 25 momme, estas cal\u00e7as de seda por medida combinam pormenores de cintura alta com um brilho suave e um toque respir\u00e1vel. O acabamento floral confere-lhe um aspeto requintado, enquanto os tamanhos XS, S, M, L, XL, XXL ajudam a cobrir as necessidades b\u00e1sicas. Adequada para utiliza\u00e7\u00e3o em viagem e para os guarda-roupas de outono. Lavar \u00e0 m\u00e3o a frio ou utilizar um ciclo suave.<\/p>","protected":false},"excerpt":{"rendered":"<p>25 Momme Sandwashed silk tailored silk pants em floral. Acabamento High Rise, toque suave e gama de tamanhos XS, S, M, L, XL, XXL. Concebidas para utiliza\u00e7\u00e3o em viagem.<\/p>","protected":false},"featured_media":1571,"template":"","meta":{"_gspb_post_css":""},"product_brand":[],"product_cat":[31],"product_tag":[770,751,771],"class_list":{"0":"post-870","1":"product","2":"type-product","3":"status-publish","4":"has-post-thumbnail","6":"product_cat-silk-pants","7":"product_tag-25-momme-silk-pants-floral","8":"product_tag-sandwashed-silk-pants-high-rise","9":"product_tag-supplier-silk-pants-for-travel-use","11":"first","12":"instock","13":"shipping-taxable","14":"purchasable","15":"product-type-simple"},"_links":{"self":[{"href":"https:\/\/silk-pajamas.com\/pt\/wp-json\/wp\/v2\/product\/870","targetHints":{"allow":["GET"]}}],"collection":[{"href":"https:\/\/silk-pajamas.com\/pt\/wp-json\/wp\/v2\/product"}],"about":[{"href":"https:\/\/silk-pajamas.com\/pt\/wp-json\/wp\/v2\/types\/product"}],"wp:featuredmedia":[{"embeddable":true,"href":"https:\/\/silk-pajamas.com\/pt\/wp-json\/wp\/v2\/media\/1571"}],"wp:attachment":[{"href":"https:\/\/silk-pajamas.com\/pt\/wp-json\/wp\/v2\/media?parent=870"}],"wp:term":[{"taxonomy":"product_brand","embeddable":true,"href":"https:\/\/silk-pajamas.com\/pt\/wp-json\/wp\/v2\/product_brand?post=870"},{"taxonomy":"product_cat","embeddable":true,"href":"https:\/\/silk-pajamas.com\/pt\/wp-json\/wp\/v2\/product_cat?post=870"},{"taxonomy":"product_tag","embeddable":true,"href":"https:\/\/silk-pajamas.com\/pt\/wp-json\/wp\/v2\/product_tag?post=870"}],"curies":[{"name":"wp","href":"https:\/\/api.w.org\/{rel}","templated":true}]}}