{"id":876,"date":"2026-04-12T15:43:38","date_gmt":"2026-04-12T15:43:38","guid":{"rendered":"https:\/\/silk-pajamas.com\/16-momme-crepe-silk-pants-drawstring-wine-wholesale\/"},"modified":"2026-04-19T06:46:46","modified_gmt":"2026-04-19T06:46:46","slug":"16-momme-crepe-silk-pants-drawstring-wine-wholesale","status":"publish","type":"product","link":"https:\/\/silk-pajamas.com\/pt\/16-momme-crepe-silk-pants-drawstring-wine-wholesale\/","title":{"rendered":"16 Momme Crepe Silk Pants Drawstring Wine Wholesale"},"content":{"rendered":"<p>Estas cal\u00e7as de seda por medida s\u00e3o feitas de crepe de seda 16 momme num tom de vinho. Apresenta cord\u00e3o, um toque suave e um drapeado confort\u00e1vel para roupa de escrit\u00f3rio. O estilo \u00e9 compat\u00edvel com os tamanhos S, M, L, XL e funciona bem para usar no ver\u00e3o, para oferecer e para o conforto di\u00e1rio. Lavar \u00e0 m\u00e3o a frio ou utilizar um ciclo suave.<\/p>","protected":false},"excerpt":{"rendered":"<p>16 Momme Crepe de seda cal\u00e7as de seda por medida em vinho. Acabamento com cord\u00e3o, toque termo-regulador e gama de tamanhos S, M, L, XL. Concebidas para o vestu\u00e1rio de escrit\u00f3rio.<\/p>","protected":false},"featured_media":1489,"template":"","meta":{"_gspb_post_css":""},"product_brand":[],"product_cat":[31],"product_tag":[782,774,776],"class_list":{"0":"post-876","1":"product","2":"type-product","3":"status-publish","4":"has-post-thumbnail","6":"product_cat-silk-pants","7":"product_tag-16-momme-silk-pants-wine","8":"product_tag-crepe-silk-pants-drawstring","9":"product_tag-vendor-silk-pants-for-office-outfits","11":"first","12":"instock","13":"featured","14":"shipping-taxable","15":"purchasable","16":"product-type-simple"},"_links":{"self":[{"href":"https:\/\/silk-pajamas.com\/pt\/wp-json\/wp\/v2\/product\/876","targetHints":{"allow":["GET"]}}],"collection":[{"href":"https:\/\/silk-pajamas.com\/pt\/wp-json\/wp\/v2\/product"}],"about":[{"href":"https:\/\/silk-pajamas.com\/pt\/wp-json\/wp\/v2\/types\/product"}],"wp:featuredmedia":[{"embeddable":true,"href":"https:\/\/silk-pajamas.com\/pt\/wp-json\/wp\/v2\/media\/1489"}],"wp:attachment":[{"href":"https:\/\/silk-pajamas.com\/pt\/wp-json\/wp\/v2\/media?parent=876"}],"wp:term":[{"taxonomy":"product_brand","embeddable":true,"href":"https:\/\/silk-pajamas.com\/pt\/wp-json\/wp\/v2\/product_brand?post=876"},{"taxonomy":"product_cat","embeddable":true,"href":"https:\/\/silk-pajamas.com\/pt\/wp-json\/wp\/v2\/product_cat?post=876"},{"taxonomy":"product_tag","embeddable":true,"href":"https:\/\/silk-pajamas.com\/pt\/wp-json\/wp\/v2\/product_tag?post=876"}],"curies":[{"name":"wp","href":"https:\/\/api.w.org\/{rel}","templated":true}]}}