{"id":880,"date":"2026-04-12T15:43:38","date_gmt":"2026-04-12T15:43:38","guid":{"rendered":"https:\/\/silk-pajamas.com\/25-momme-sandwashed-silk-pants-high-rise-sky-blue\/"},"modified":"2026-04-19T07:02:55","modified_gmt":"2026-04-19T07:02:55","slug":"25-momme-sandwashed-silk-pants-high-rise-sky-blue","status":"publish","type":"product","link":"https:\/\/silk-pajamas.com\/pt\/25-momme-sandwashed-silk-pants-high-rise-sky-blue\/","title":{"rendered":"25 Momme Cal\u00e7as de seda com barra de seda High Rise Sky Blue"},"content":{"rendered":"<p>Confeccionadas em seda lavada 25 momme, estas cal\u00e7as de seda por medida combinam pormenores de cintura alta com um brilho suave e um toque respir\u00e1vel. O acabamento em azul celeste confere-lhe um aspeto requintado, enquanto os tamanhos Custom ajudam a cobrir as necessidades essenciais. Adequadas para vestir em est\u00e2ncias balneares e guarda-roupas de todas as esta\u00e7\u00f5es. Lavar \u00e0 m\u00e3o a frio ou utilizar um ciclo suave.<\/p>","protected":false},"excerpt":{"rendered":"<p>25 Momme Cal\u00e7as de seda \u00e0 medida em seda Sandwashed em azul celeste. Acabamento High Rise, toque suave do drapeado e gama de tamanhos Custom. Concebidas para vestir em est\u00e2ncias balneares.<\/p>","protected":false},"featured_media":1506,"template":"","meta":{"_gspb_post_css":""},"product_brand":[],"product_cat":[31],"product_tag":[787,788,751],"class_list":{"0":"post-880","1":"product","2":"type-product","3":"status-publish","4":"has-post-thumbnail","6":"product_cat-silk-pants","7":"product_tag-25-momme-silk-pants-sky-blue","8":"product_tag-factory-silk-pants-for-resort-dressing","9":"product_tag-sandwashed-silk-pants-high-rise","11":"first","12":"instock","13":"shipping-taxable","14":"purchasable","15":"product-type-simple"},"_links":{"self":[{"href":"https:\/\/silk-pajamas.com\/pt\/wp-json\/wp\/v2\/product\/880","targetHints":{"allow":["GET"]}}],"collection":[{"href":"https:\/\/silk-pajamas.com\/pt\/wp-json\/wp\/v2\/product"}],"about":[{"href":"https:\/\/silk-pajamas.com\/pt\/wp-json\/wp\/v2\/types\/product"}],"wp:featuredmedia":[{"embeddable":true,"href":"https:\/\/silk-pajamas.com\/pt\/wp-json\/wp\/v2\/media\/1506"}],"wp:attachment":[{"href":"https:\/\/silk-pajamas.com\/pt\/wp-json\/wp\/v2\/media?parent=880"}],"wp:term":[{"taxonomy":"product_brand","embeddable":true,"href":"https:\/\/silk-pajamas.com\/pt\/wp-json\/wp\/v2\/product_brand?post=880"},{"taxonomy":"product_cat","embeddable":true,"href":"https:\/\/silk-pajamas.com\/pt\/wp-json\/wp\/v2\/product_cat?post=880"},{"taxonomy":"product_tag","embeddable":true,"href":"https:\/\/silk-pajamas.com\/pt\/wp-json\/wp\/v2\/product_tag?post=880"}],"curies":[{"name":"wp","href":"https:\/\/api.w.org\/{rel}","templated":true}]}}