{"id":881,"date":"2026-04-12T15:43:38","date_gmt":"2026-04-12T15:43:38","guid":{"rendered":"https:\/\/silk-pajamas.com\/22-momme-mulberry-silk-blouse-relaxed-fit-sky-blue\/"},"modified":"2026-04-19T07:04:23","modified_gmt":"2026-04-19T07:04:23","slug":"22-momme-mulberry-silk-blouse-relaxed-fit-sky-blue","status":"publish","type":"product","link":"https:\/\/silk-pajamas.com\/pt\/22-momme-mulberry-silk-blouse-relaxed-fit-sky-blue\/","title":{"rendered":"22 Momme Blusa de seda Mulberry Ajuste descontra\u00eddo Azul celeste"},"content":{"rendered":"<p>Esta blusa de seda \u00e9 feita de seda de amora 22 momme num tom azul-celeste. Apresenta um corte descontra\u00eddo, um toque suave e um drapeado confort\u00e1vel para usar em viagem. O estilo \u00e9 compat\u00edvel com os tamanhos XS, S, M, L, XL e funciona bem para usar na primavera, para oferecer e para o conforto di\u00e1rio. Lavar \u00e0 m\u00e3o a frio ou utilizar um ciclo suave.<\/p>","protected":false},"excerpt":{"rendered":"<p>22 Momme Blusa de seda Mulberry em azul celeste. Acabamento Relaxed Fit, toque leve e gama de tamanhos XS, S, M, L, XL. Concebida para utiliza\u00e7\u00e3o em viagem.<\/p>","protected":false},"featured_media":1510,"template":"","meta":{"_gspb_post_css":""},"product_brand":[],"product_cat":[27],"product_tag":[789,791,790],"class_list":{"0":"post-881","1":"product","2":"type-product","3":"status-publish","4":"has-post-thumbnail","6":"product_cat-silk-shirts-blouses","7":"product_tag-22-momme-silk-blouse-sky-blue","8":"product_tag-factory-silk-blouse-for-travel-use","9":"product_tag-mulberry-silk-blouse-relaxed-fit","11":"first","12":"instock","13":"featured","14":"shipping-taxable","15":"purchasable","16":"product-type-simple"},"_links":{"self":[{"href":"https:\/\/silk-pajamas.com\/pt\/wp-json\/wp\/v2\/product\/881","targetHints":{"allow":["GET"]}}],"collection":[{"href":"https:\/\/silk-pajamas.com\/pt\/wp-json\/wp\/v2\/product"}],"about":[{"href":"https:\/\/silk-pajamas.com\/pt\/wp-json\/wp\/v2\/types\/product"}],"wp:featuredmedia":[{"embeddable":true,"href":"https:\/\/silk-pajamas.com\/pt\/wp-json\/wp\/v2\/media\/1510"}],"wp:attachment":[{"href":"https:\/\/silk-pajamas.com\/pt\/wp-json\/wp\/v2\/media?parent=881"}],"wp:term":[{"taxonomy":"product_brand","embeddable":true,"href":"https:\/\/silk-pajamas.com\/pt\/wp-json\/wp\/v2\/product_brand?post=881"},{"taxonomy":"product_cat","embeddable":true,"href":"https:\/\/silk-pajamas.com\/pt\/wp-json\/wp\/v2\/product_cat?post=881"},{"taxonomy":"product_tag","embeddable":true,"href":"https:\/\/silk-pajamas.com\/pt\/wp-json\/wp\/v2\/product_tag?post=881"}],"curies":[{"name":"wp","href":"https:\/\/api.w.org\/{rel}","templated":true}]}}