{"id":882,"date":"2026-04-12T15:43:38","date_gmt":"2026-04-12T15:43:38","guid":{"rendered":"https:\/\/silk-pajamas.com\/25-momme-charmeuse-silk-shirt-long-sleeve-navy-wholesale\/"},"modified":"2026-04-19T07:05:58","modified_gmt":"2026-04-19T07:05:58","slug":"25-momme-charmeuse-silk-shirt-long-sleeve-navy-wholesale","status":"publish","type":"product","link":"https:\/\/silk-pajamas.com\/pt\/25-momme-charmeuse-silk-shirt-long-sleeve-navy-wholesale\/","title":{"rendered":"25 Momme Charmeuse Camisa de seda de manga comprida Marinho Venda por grosso"},"content":{"rendered":"<p>Esta blusa de seda \u00e9 feita de seda 25 momme charmeuse num tom azul-marinho. Apresenta uma manga comprida, um toque suave e um drapeado confort\u00e1vel para um guarda-roupa de c\u00e1psula. O estilo \u00e9 compat\u00edvel com os tamanhos S, M, L, XL, XXL e funciona bem para usar na primavera, para oferecer e para o conforto di\u00e1rio. Lavar \u00e0 m\u00e3o a frio ou utilizar um ciclo suave.<\/p>","protected":false},"excerpt":{"rendered":"<p>25 Blusa de seda Momme Charmeuse em seda marinho. Acabamento de manga comprida, toque termo-regulador e gama de tamanhos S, M, L, XL, XXL. Concebida para os roupeiros-c\u00e1psula.<\/p>","protected":false},"featured_media":1517,"template":"","meta":{"_gspb_post_css":""},"product_brand":[],"product_cat":[27],"product_tag":[792,793,794],"class_list":{"0":"post-882","1":"product","2":"type-product","3":"status-publish","4":"has-post-thumbnail","6":"product_cat-silk-shirts-blouses","7":"product_tag-25-momme-silk-blouse-navy","8":"product_tag-charmeuse-silk-blouse-long-sleeve","9":"product_tag-supplier-silk-blouse-for-capsule-wardrobes","11":"first","12":"instock","13":"shipping-taxable","14":"purchasable","15":"product-type-simple"},"_links":{"self":[{"href":"https:\/\/silk-pajamas.com\/pt\/wp-json\/wp\/v2\/product\/882","targetHints":{"allow":["GET"]}}],"collection":[{"href":"https:\/\/silk-pajamas.com\/pt\/wp-json\/wp\/v2\/product"}],"about":[{"href":"https:\/\/silk-pajamas.com\/pt\/wp-json\/wp\/v2\/types\/product"}],"wp:featuredmedia":[{"embeddable":true,"href":"https:\/\/silk-pajamas.com\/pt\/wp-json\/wp\/v2\/media\/1517"}],"wp:attachment":[{"href":"https:\/\/silk-pajamas.com\/pt\/wp-json\/wp\/v2\/media?parent=882"}],"wp:term":[{"taxonomy":"product_brand","embeddable":true,"href":"https:\/\/silk-pajamas.com\/pt\/wp-json\/wp\/v2\/product_brand?post=882"},{"taxonomy":"product_cat","embeddable":true,"href":"https:\/\/silk-pajamas.com\/pt\/wp-json\/wp\/v2\/product_cat?post=882"},{"taxonomy":"product_tag","embeddable":true,"href":"https:\/\/silk-pajamas.com\/pt\/wp-json\/wp\/v2\/product_tag?post=882"}],"curies":[{"name":"wp","href":"https:\/\/api.w.org\/{rel}","templated":true}]}}