{"id":885,"date":"2026-04-12T15:43:38","date_gmt":"2026-04-12T15:43:38","guid":{"rendered":"https:\/\/silk-pajamas.com\/19-momme-sandwashed-mulberry-silk-blouse-bow-collar-floral\/"},"modified":"2026-04-19T07:11:25","modified_gmt":"2026-04-19T07:11:25","slug":"19-momme-sandwashed-mulberry-silk-blouse-bow-collar-floral","status":"publish","type":"product","link":"https:\/\/silk-pajamas.com\/pt\/19-momme-sandwashed-mulberry-silk-blouse-bow-collar-floral\/","title":{"rendered":"19 Momme Blusa de seda amora com la\u00e7o e gola floral"},"content":{"rendered":"<p>Esta blusa de seda \u00e9 confeccionada em seda de 19 momme com acabamento em areia num tom floral. Apresenta uma gola com la\u00e7o, um toque suave e um drapeado confort\u00e1vel para um guarda-roupa de c\u00e1psula. O estilo \u00e9 compat\u00edvel com os tamanhos XL, XXL, 3XL, 4XL e \u00e9 ideal para usar no ver\u00e3o, para oferecer e para o conforto di\u00e1rio. Lavar \u00e0 m\u00e3o a frio ou utilizar um ciclo suave.<\/p>","protected":false},"excerpt":{"rendered":"<p>19 Momme Blusa de seda em seda lavada em floral. Acabamento com gola de la\u00e7o, toque respir\u00e1vel e gama de tamanhos XL, XXL, 3XL, 4XL. Concebida para o guarda-roupa de c\u00e1psulas.<\/p>","protected":false},"featured_media":1531,"template":"","meta":{"_gspb_post_css":""},"product_brand":[],"product_cat":[27],"product_tag":[801,803,802],"class_list":{"0":"post-885","1":"product","2":"type-product","3":"status-publish","4":"has-post-thumbnail","6":"product_cat-silk-shirts-blouses","7":"product_tag-19-momme-silk-blouse-floral","8":"product_tag-manufacturer-silk-blouse-for-capsule-wardrobes","9":"product_tag-sandwashed-silk-blouse-bow-collar","11":"first","12":"instock","13":"shipping-taxable","14":"purchasable","15":"product-type-simple"},"_links":{"self":[{"href":"https:\/\/silk-pajamas.com\/pt\/wp-json\/wp\/v2\/product\/885","targetHints":{"allow":["GET"]}}],"collection":[{"href":"https:\/\/silk-pajamas.com\/pt\/wp-json\/wp\/v2\/product"}],"about":[{"href":"https:\/\/silk-pajamas.com\/pt\/wp-json\/wp\/v2\/types\/product"}],"wp:featuredmedia":[{"embeddable":true,"href":"https:\/\/silk-pajamas.com\/pt\/wp-json\/wp\/v2\/media\/1531"}],"wp:attachment":[{"href":"https:\/\/silk-pajamas.com\/pt\/wp-json\/wp\/v2\/media?parent=885"}],"wp:term":[{"taxonomy":"product_brand","embeddable":true,"href":"https:\/\/silk-pajamas.com\/pt\/wp-json\/wp\/v2\/product_brand?post=885"},{"taxonomy":"product_cat","embeddable":true,"href":"https:\/\/silk-pajamas.com\/pt\/wp-json\/wp\/v2\/product_cat?post=885"},{"taxonomy":"product_tag","embeddable":true,"href":"https:\/\/silk-pajamas.com\/pt\/wp-json\/wp\/v2\/product_tag?post=885"}],"curies":[{"name":"wp","href":"https:\/\/api.w.org\/{rel}","templated":true}]}}