{"id":886,"date":"2026-04-12T15:43:38","date_gmt":"2026-04-12T15:43:38","guid":{"rendered":"https:\/\/silk-pajamas.com\/16-momme-crepe-mulberry-silk-blouse-button-down-navy\/"},"modified":"2026-04-19T07:13:32","modified_gmt":"2026-04-19T07:13:32","slug":"16-momme-crepe-mulberry-silk-blouse-button-down-navy","status":"publish","type":"product","link":"https:\/\/silk-pajamas.com\/pt\/16-momme-crepe-mulberry-silk-blouse-button-down-navy\/","title":{"rendered":"16 Momme Crepe Mulberry Silk Blouse Button Down Navy"},"content":{"rendered":"<p>Feita com crepe de seda 16 momme, esta blusa de seda oferece um drapeado suave, um toque suave na pele e um movimento elegante. A constru\u00e7\u00e3o com bot\u00f5es e a cor azul-marinho mant\u00eam o visual polido para os roupeiros c\u00e1psula. Dispon\u00edvel em XL, XXL, 3XL, 4XL. Lavar \u00e0 m\u00e3o a frio ou utilizar um ciclo suave.<\/p>","protected":false},"excerpt":{"rendered":"<p>Blusa 16 Momme Crepe de seda em azul-marinho. Acabamento com bot\u00f5es, toque suave e gama de tamanhos XL, XXL, 3XL, 4XL. Concebida para roupeiros c\u00e1psula.<\/p>","protected":false},"featured_media":1537,"template":"","meta":{"_gspb_post_css":""},"product_brand":[],"product_cat":[27],"product_tag":[804,805,803],"class_list":{"0":"post-886","1":"product","2":"type-product","3":"status-publish","4":"has-post-thumbnail","6":"product_cat-silk-shirts-blouses","7":"product_tag-16-momme-silk-blouse-navy","8":"product_tag-crepe-silk-blouse-button-down","9":"product_tag-manufacturer-silk-blouse-for-capsule-wardrobes","11":"first","12":"instock","13":"featured","14":"shipping-taxable","15":"purchasable","16":"product-type-simple"},"_links":{"self":[{"href":"https:\/\/silk-pajamas.com\/pt\/wp-json\/wp\/v2\/product\/886","targetHints":{"allow":["GET"]}}],"collection":[{"href":"https:\/\/silk-pajamas.com\/pt\/wp-json\/wp\/v2\/product"}],"about":[{"href":"https:\/\/silk-pajamas.com\/pt\/wp-json\/wp\/v2\/types\/product"}],"wp:featuredmedia":[{"embeddable":true,"href":"https:\/\/silk-pajamas.com\/pt\/wp-json\/wp\/v2\/media\/1537"}],"wp:attachment":[{"href":"https:\/\/silk-pajamas.com\/pt\/wp-json\/wp\/v2\/media?parent=886"}],"wp:term":[{"taxonomy":"product_brand","embeddable":true,"href":"https:\/\/silk-pajamas.com\/pt\/wp-json\/wp\/v2\/product_brand?post=886"},{"taxonomy":"product_cat","embeddable":true,"href":"https:\/\/silk-pajamas.com\/pt\/wp-json\/wp\/v2\/product_cat?post=886"},{"taxonomy":"product_tag","embeddable":true,"href":"https:\/\/silk-pajamas.com\/pt\/wp-json\/wp\/v2\/product_tag?post=886"}],"curies":[{"name":"wp","href":"https:\/\/api.w.org\/{rel}","templated":true}]}}