{"id":891,"date":"2026-04-12T15:43:39","date_gmt":"2026-04-12T15:43:39","guid":{"rendered":"https:\/\/silk-pajamas.com\/25-momme-crepe-silk-shirt-relaxed-fit-wine-supplier\/"},"modified":"2026-04-19T06:34:27","modified_gmt":"2026-04-19T06:34:27","slug":"25-momme-crepe-silk-shirt-relaxed-fit-wine-supplier","status":"publish","type":"product","link":"https:\/\/silk-pajamas.com\/pt\/25-momme-crepe-silk-shirt-relaxed-fit-wine-supplier\/","title":{"rendered":"25 Momme Crepe Camisa de seda Ajuste descontra\u00eddo Fornecedor de vinho"},"content":{"rendered":"<p>Esta blusa de seda \u00e9 feita de crepe de seda 25 momme num tom de vinho. Apresenta um corte descontra\u00eddo, um toque suave e um drapeado confort\u00e1vel para um guarda-roupa de c\u00e1psula. O estilo suporta tamanhos personalizados e funciona bem para usar no outono, oferecer presentes e conforto di\u00e1rio. Lavar \u00e0 m\u00e3o a frio ou utilizar um ciclo suave.<\/p>","protected":false},"excerpt":{"rendered":"<p>25 Blusa Momme Crepe de seda em vinho. Acabamento Relaxed Fit, toque resistente \u00e0s rugas e gama de tamanhos Custom. Concebida para o guarda-roupa c\u00e1psula.<\/p>","protected":false},"featured_media":1463,"template":"","meta":{"_gspb_post_css":""},"product_brand":[],"product_cat":[27],"product_tag":[817,818,797],"class_list":{"0":"post-891","1":"product","2":"type-product","3":"status-publish","4":"has-post-thumbnail","6":"product_cat-silk-shirts-blouses","7":"product_tag-25-momme-silk-blouse-wine","8":"product_tag-crepe-silk-blouse-relaxed-fit","9":"product_tag-wholesale-silk-blouse-for-capsule-wardrobes","11":"first","12":"instock","13":"featured","14":"shipping-taxable","15":"purchasable","16":"product-type-simple"},"_links":{"self":[{"href":"https:\/\/silk-pajamas.com\/pt\/wp-json\/wp\/v2\/product\/891","targetHints":{"allow":["GET"]}}],"collection":[{"href":"https:\/\/silk-pajamas.com\/pt\/wp-json\/wp\/v2\/product"}],"about":[{"href":"https:\/\/silk-pajamas.com\/pt\/wp-json\/wp\/v2\/types\/product"}],"wp:featuredmedia":[{"embeddable":true,"href":"https:\/\/silk-pajamas.com\/pt\/wp-json\/wp\/v2\/media\/1463"}],"wp:attachment":[{"href":"https:\/\/silk-pajamas.com\/pt\/wp-json\/wp\/v2\/media?parent=891"}],"wp:term":[{"taxonomy":"product_brand","embeddable":true,"href":"https:\/\/silk-pajamas.com\/pt\/wp-json\/wp\/v2\/product_brand?post=891"},{"taxonomy":"product_cat","embeddable":true,"href":"https:\/\/silk-pajamas.com\/pt\/wp-json\/wp\/v2\/product_cat?post=891"},{"taxonomy":"product_tag","embeddable":true,"href":"https:\/\/silk-pajamas.com\/pt\/wp-json\/wp\/v2\/product_tag?post=891"}],"curies":[{"name":"wp","href":"https:\/\/api.w.org\/{rel}","templated":true}]}}