{"id":893,"date":"2026-04-12T15:43:39","date_gmt":"2026-04-12T15:43:39","guid":{"rendered":"https:\/\/silk-pajamas.com\/25-momme-charmeuse-silk-shirt-relaxed-fit-floral\/"},"modified":"2026-04-19T06:40:23","modified_gmt":"2026-04-19T06:40:23","slug":"25-momme-charmeuse-silk-shirt-relaxed-fit-floral","status":"publish","type":"product","link":"https:\/\/silk-pajamas.com\/pt\/25-momme-charmeuse-silk-shirt-relaxed-fit-floral\/","title":{"rendered":"25 Momme Charmeuse Camisa de seda Floral de corte descontra\u00eddo"},"content":{"rendered":"<p>Confeccionada em seda momme charmeuse 25, esta blusa de seda combina detalhes de ajuste descontra\u00eddo com um brilho suave e um toque respir\u00e1vel. O acabamento floral confere-lhe um aspeto requintado, enquanto os tamanhos Custom ajudam a cobrir as necessidades essenciais. Adequada para utiliza\u00e7\u00e3o em viagem e para o guarda-roupa de outono. Lavar \u00e0 m\u00e3o a frio ou utilizar um ciclo suave.<\/p>","protected":false},"excerpt":{"rendered":"<p>25 Blusa de seda Momme Charmeuse em seda Floral. Acabamento Relaxed Fit, toque resistente \u00e0s rugas e gama de tamanhos Custom. Concebida para utiliza\u00e7\u00e3o em viagem.<\/p>","protected":false},"featured_media":1473,"template":"","meta":{"_gspb_post_css":""},"product_brand":[],"product_cat":[27],"product_tag":[815,820,821],"class_list":{"0":"post-893","1":"product","2":"type-product","3":"status-publish","4":"has-post-thumbnail","6":"product_cat-silk-shirts-blouses","7":"product_tag-25-momme-silk-blouse-floral","8":"product_tag-charmeuse-silk-blouse-relaxed-fit","9":"product_tag-wholesale-silk-blouse-for-travel-use","11":"first","12":"instock","13":"shipping-taxable","14":"purchasable","15":"product-type-simple"},"_links":{"self":[{"href":"https:\/\/silk-pajamas.com\/pt\/wp-json\/wp\/v2\/product\/893","targetHints":{"allow":["GET"]}}],"collection":[{"href":"https:\/\/silk-pajamas.com\/pt\/wp-json\/wp\/v2\/product"}],"about":[{"href":"https:\/\/silk-pajamas.com\/pt\/wp-json\/wp\/v2\/types\/product"}],"wp:featuredmedia":[{"embeddable":true,"href":"https:\/\/silk-pajamas.com\/pt\/wp-json\/wp\/v2\/media\/1473"}],"wp:attachment":[{"href":"https:\/\/silk-pajamas.com\/pt\/wp-json\/wp\/v2\/media?parent=893"}],"wp:term":[{"taxonomy":"product_brand","embeddable":true,"href":"https:\/\/silk-pajamas.com\/pt\/wp-json\/wp\/v2\/product_brand?post=893"},{"taxonomy":"product_cat","embeddable":true,"href":"https:\/\/silk-pajamas.com\/pt\/wp-json\/wp\/v2\/product_cat?post=893"},{"taxonomy":"product_tag","embeddable":true,"href":"https:\/\/silk-pajamas.com\/pt\/wp-json\/wp\/v2\/product_tag?post=893"}],"curies":[{"name":"wp","href":"https:\/\/api.w.org\/{rel}","templated":true}]}}