{"id":895,"date":"2026-04-12T15:43:40","date_gmt":"2026-04-12T15:43:40","guid":{"rendered":"https:\/\/silk-pajamas.com\/25-momme-sandwashed-silk-blouse-relaxed-fit-leopard\/"},"modified":"2026-04-19T02:59:38","modified_gmt":"2026-04-19T02:59:38","slug":"25-momme-sandwashed-silk-blouse-relaxed-fit-leopard","status":"publish","type":"product","link":"https:\/\/silk-pajamas.com\/pt\/25-momme-sandwashed-silk-blouse-relaxed-fit-leopard\/","title":{"rendered":"25 Momme Blusa de seda com corte de malha Ajuste descontra\u00eddo Leopardo"},"content":{"rendered":"<p>Confeccionada com seda de 25 momme, esta blusa de seda oferece regula\u00e7\u00e3o t\u00e9rmica, toque suave na pele e movimento elegante. A constru\u00e7\u00e3o de ajuste descontra\u00eddo e a cor de leopardo mant\u00eam o visual polido para guarda-roupas de c\u00e1psula. Dispon\u00edvel em Personalizado. Lavar \u00e0 m\u00e3o a frio ou utilizar um ciclo suave.<\/p>","protected":false},"excerpt":{"rendered":"<p>25 Blusa de seda Momme Sandwashed em seda Leopardo. Acabamento Relaxed Fit, toque termo-regulador e gama de tamanhos Custom. Concebida para o guarda-roupa c\u00e1psula.<\/p>","protected":false},"featured_media":1386,"template":"","meta":{"_gspb_post_css":""},"product_brand":[],"product_cat":[27],"product_tag":[806,811,824],"class_list":{"0":"post-895","1":"product","2":"type-product","3":"status-publish","4":"has-post-thumbnail","6":"product_cat-silk-shirts-blouses","7":"product_tag-25-momme-silk-blouse-leopard","8":"product_tag-factory-silk-blouse-for-capsule-wardrobes","9":"product_tag-sandwashed-silk-blouse-relaxed-fit","11":"first","12":"instock","13":"shipping-taxable","14":"purchasable","15":"product-type-simple"},"_links":{"self":[{"href":"https:\/\/silk-pajamas.com\/pt\/wp-json\/wp\/v2\/product\/895","targetHints":{"allow":["GET"]}}],"collection":[{"href":"https:\/\/silk-pajamas.com\/pt\/wp-json\/wp\/v2\/product"}],"about":[{"href":"https:\/\/silk-pajamas.com\/pt\/wp-json\/wp\/v2\/types\/product"}],"wp:featuredmedia":[{"embeddable":true,"href":"https:\/\/silk-pajamas.com\/pt\/wp-json\/wp\/v2\/media\/1386"}],"wp:attachment":[{"href":"https:\/\/silk-pajamas.com\/pt\/wp-json\/wp\/v2\/media?parent=895"}],"wp:term":[{"taxonomy":"product_brand","embeddable":true,"href":"https:\/\/silk-pajamas.com\/pt\/wp-json\/wp\/v2\/product_brand?post=895"},{"taxonomy":"product_cat","embeddable":true,"href":"https:\/\/silk-pajamas.com\/pt\/wp-json\/wp\/v2\/product_cat?post=895"},{"taxonomy":"product_tag","embeddable":true,"href":"https:\/\/silk-pajamas.com\/pt\/wp-json\/wp\/v2\/product_tag?post=895"}],"curies":[{"name":"wp","href":"https:\/\/api.w.org\/{rel}","templated":true}]}}