{"id":897,"date":"2026-04-12T15:43:40","date_gmt":"2026-04-12T15:43:40","guid":{"rendered":"https:\/\/silk-pajamas.com\/22-momme-crepe-silk-blouse-relaxed-fit-floral-factory\/"},"modified":"2026-04-19T03:03:17","modified_gmt":"2026-04-19T03:03:17","slug":"22-momme-crepe-silk-blouse-relaxed-fit-floral-factory","status":"publish","type":"product","link":"https:\/\/silk-pajamas.com\/pt\/22-momme-crepe-silk-blouse-relaxed-fit-floral-factory\/","title":{"rendered":"22 Momme Crepe Blusa de seda F\u00e1brica Floral de ajuste descontra\u00eddo"},"content":{"rendered":"<p>Confeccionada em crepe de seda momme 22, esta blusa de seda combina detalhes de ajuste descontra\u00eddo com um brilho suave e um toque respir\u00e1vel. O acabamento floral confere-lhe um aspeto requintado, enquanto os tamanhos XL, XXL, 3XL, 4XL ajudam a satisfazer as necessidades b\u00e1sicas. Adequado para roupas de escrit\u00f3rio e guarda-roupas de todas as esta\u00e7\u00f5es. Lavar \u00e0 m\u00e3o a frio ou utilizar um ciclo suave.<\/p>","protected":false},"excerpt":{"rendered":"<p>Blusa 22 Momme Crepe de seda em floral. Acabamento Relaxed Fit, toque respir\u00e1vel e tamanhos XL, XXL, 3XL, 4XL. Concebida para o vestu\u00e1rio de escrit\u00f3rio.<\/p>","protected":false},"featured_media":1387,"template":"","meta":{"_gspb_post_css":""},"product_brand":[],"product_cat":[27],"product_tag":[827,818,828],"class_list":{"0":"post-897","1":"product","2":"type-product","3":"status-publish","4":"has-post-thumbnail","6":"product_cat-silk-shirts-blouses","7":"product_tag-22-momme-silk-blouse-floral","8":"product_tag-crepe-silk-blouse-relaxed-fit","9":"product_tag-factory-silk-blouse-for-office-outfits","11":"first","12":"instock","13":"shipping-taxable","14":"purchasable","15":"product-type-simple"},"_links":{"self":[{"href":"https:\/\/silk-pajamas.com\/pt\/wp-json\/wp\/v2\/product\/897","targetHints":{"allow":["GET"]}}],"collection":[{"href":"https:\/\/silk-pajamas.com\/pt\/wp-json\/wp\/v2\/product"}],"about":[{"href":"https:\/\/silk-pajamas.com\/pt\/wp-json\/wp\/v2\/types\/product"}],"wp:featuredmedia":[{"embeddable":true,"href":"https:\/\/silk-pajamas.com\/pt\/wp-json\/wp\/v2\/media\/1387"}],"wp:attachment":[{"href":"https:\/\/silk-pajamas.com\/pt\/wp-json\/wp\/v2\/media?parent=897"}],"wp:term":[{"taxonomy":"product_brand","embeddable":true,"href":"https:\/\/silk-pajamas.com\/pt\/wp-json\/wp\/v2\/product_brand?post=897"},{"taxonomy":"product_cat","embeddable":true,"href":"https:\/\/silk-pajamas.com\/pt\/wp-json\/wp\/v2\/product_cat?post=897"},{"taxonomy":"product_tag","embeddable":true,"href":"https:\/\/silk-pajamas.com\/pt\/wp-json\/wp\/v2\/product_tag?post=897"}],"curies":[{"name":"wp","href":"https:\/\/api.w.org\/{rel}","templated":true}]}}