{"id":898,"date":"2026-04-12T15:43:40","date_gmt":"2026-04-12T15:43:40","guid":{"rendered":"https:\/\/silk-pajamas.com\/22-momme-sandwashed-silk-blouse-relaxed-fit-floral\/"},"modified":"2026-04-19T03:04:37","modified_gmt":"2026-04-19T03:04:37","slug":"22-momme-sandwashed-silk-blouse-relaxed-fit-floral","status":"publish","type":"product","link":"https:\/\/silk-pajamas.com\/pt\/22-momme-sandwashed-silk-blouse-relaxed-fit-floral\/","title":{"rendered":"22 Momme Blusa de seda com corte de malha Floral de ajuste descontra\u00eddo"},"content":{"rendered":"<p>Esta blusa de seda \u00e9 feita de seda 22 momme em tom floral. Apresenta um corte descontra\u00eddo, um toque suave e um drapeado confort\u00e1vel para mulher. O estilo \u00e9 compat\u00edvel com os tamanhos S, M, L, XL, XXL e funciona bem para usar no outono, para oferecer e para o conforto di\u00e1rio. Lavar \u00e0 m\u00e3o a frio ou utilizar um ciclo suave.<\/p>","protected":false},"excerpt":{"rendered":"<p>22 Blusa de seda Momme Sandwashed em seda Floral. Acabamento Relaxed Fit, toque termo-regulador e tamanhos S, M, L, XL, XXL. Concebido para as mulheres.<\/p>","protected":false},"featured_media":1397,"template":"","meta":{"_gspb_post_css":""},"product_brand":[],"product_cat":[27],"product_tag":[827,824,829],"class_list":{"0":"post-898","1":"product","2":"type-product","3":"status-publish","4":"has-post-thumbnail","6":"product_cat-silk-shirts-blouses","7":"product_tag-22-momme-silk-blouse-floral","8":"product_tag-sandwashed-silk-blouse-relaxed-fit","9":"product_tag-vendor-silk-blouse-for-women","11":"first","12":"instock","13":"shipping-taxable","14":"purchasable","15":"product-type-simple"},"_links":{"self":[{"href":"https:\/\/silk-pajamas.com\/pt\/wp-json\/wp\/v2\/product\/898","targetHints":{"allow":["GET"]}}],"collection":[{"href":"https:\/\/silk-pajamas.com\/pt\/wp-json\/wp\/v2\/product"}],"about":[{"href":"https:\/\/silk-pajamas.com\/pt\/wp-json\/wp\/v2\/types\/product"}],"wp:featuredmedia":[{"embeddable":true,"href":"https:\/\/silk-pajamas.com\/pt\/wp-json\/wp\/v2\/media\/1397"}],"wp:attachment":[{"href":"https:\/\/silk-pajamas.com\/pt\/wp-json\/wp\/v2\/media?parent=898"}],"wp:term":[{"taxonomy":"product_brand","embeddable":true,"href":"https:\/\/silk-pajamas.com\/pt\/wp-json\/wp\/v2\/product_brand?post=898"},{"taxonomy":"product_cat","embeddable":true,"href":"https:\/\/silk-pajamas.com\/pt\/wp-json\/wp\/v2\/product_cat?post=898"},{"taxonomy":"product_tag","embeddable":true,"href":"https:\/\/silk-pajamas.com\/pt\/wp-json\/wp\/v2\/product_tag?post=898"}],"curies":[{"name":"wp","href":"https:\/\/api.w.org\/{rel}","templated":true}]}}