{"id":900,"date":"2026-04-12T15:43:40","date_gmt":"2026-04-12T15:43:40","guid":{"rendered":"https:\/\/silk-pajamas.com\/25-momme-sandwashed-mulberry-silk-blouse-pleated-pearl\/"},"modified":"2026-04-19T03:08:43","modified_gmt":"2026-04-19T03:08:43","slug":"25-momme-sandwashed-mulberry-silk-blouse-pleated-pearl","status":"publish","type":"product","link":"https:\/\/silk-pajamas.com\/pt\/25-momme-sandwashed-mulberry-silk-blouse-pleated-pearl\/","title":{"rendered":"25 Momme Blusa de seda amora com pregas e p\u00e9rolas"},"content":{"rendered":"<p>Confeccionada em seda lavada de 25 mm, esta blusa de seda combina detalhes plissados com um brilho suave e um toque respir\u00e1vel. O acabamento em p\u00e9rola confere-lhe um aspeto requintado, enquanto os tamanhos Custom ajudam a cobrir as principais necessidades. Adequada para roupeiros c\u00e1psula e roupeiros de primavera. Lavar \u00e0 m\u00e3o a frio ou utilizar um ciclo suave.<\/p>","protected":false},"excerpt":{"rendered":"<p>25 Blusa de seda Momme Sandwashed em p\u00e9rola. Acabamento plissado, toque termo-regulador e gama de tamanhos Custom. Concebida para o guarda-roupa c\u00e1psula.<\/p>","protected":false},"featured_media":1404,"template":"","meta":{"_gspb_post_css":""},"product_brand":[],"product_cat":[27],"product_tag":[831,803,822],"class_list":{"0":"post-900","1":"product","2":"type-product","3":"status-publish","4":"has-post-thumbnail","6":"product_cat-silk-shirts-blouses","7":"product_tag-25-momme-silk-blouse-pearl","8":"product_tag-manufacturer-silk-blouse-for-capsule-wardrobes","9":"product_tag-sandwashed-silk-blouse-pleated","11":"first","12":"instock","13":"shipping-taxable","14":"purchasable","15":"product-type-simple"},"_links":{"self":[{"href":"https:\/\/silk-pajamas.com\/pt\/wp-json\/wp\/v2\/product\/900","targetHints":{"allow":["GET"]}}],"collection":[{"href":"https:\/\/silk-pajamas.com\/pt\/wp-json\/wp\/v2\/product"}],"about":[{"href":"https:\/\/silk-pajamas.com\/pt\/wp-json\/wp\/v2\/types\/product"}],"wp:featuredmedia":[{"embeddable":true,"href":"https:\/\/silk-pajamas.com\/pt\/wp-json\/wp\/v2\/media\/1404"}],"wp:attachment":[{"href":"https:\/\/silk-pajamas.com\/pt\/wp-json\/wp\/v2\/media?parent=900"}],"wp:term":[{"taxonomy":"product_brand","embeddable":true,"href":"https:\/\/silk-pajamas.com\/pt\/wp-json\/wp\/v2\/product_brand?post=900"},{"taxonomy":"product_cat","embeddable":true,"href":"https:\/\/silk-pajamas.com\/pt\/wp-json\/wp\/v2\/product_cat?post=900"},{"taxonomy":"product_tag","embeddable":true,"href":"https:\/\/silk-pajamas.com\/pt\/wp-json\/wp\/v2\/product_tag?post=900"}],"curies":[{"name":"wp","href":"https:\/\/api.w.org\/{rel}","templated":true}]}}