{"id":904,"date":"2026-04-12T15:43:40","date_gmt":"2026-04-12T15:43:40","guid":{"rendered":"https:\/\/silk-pajamas.com\/25-momme-crepe-silk-skirt-bias-cut-sage-wholesale\/"},"modified":"2026-04-19T03:18:36","modified_gmt":"2026-04-19T03:18:36","slug":"25-momme-crepe-silk-skirt-bias-cut-sage-wholesale","status":"publish","type":"product","link":"https:\/\/silk-pajamas.com\/pt\/25-momme-crepe-silk-skirt-bias-cut-sage-wholesale\/","title":{"rendered":"25 Momme Crepe Silk Skirt Bias Cut Sage Wholesale"},"content":{"rendered":"<p>Confeccionada em crepe de seda 25 momme, esta saia de seda combina detalhes de corte enviesado com um brilho suave e um toque respir\u00e1vel. O acabamento em s\u00e1lvia confere-lhe um aspeto requintado, enquanto os tamanhos S, M, L, XL, XXL ajudam a cobrir as necessidades b\u00e1sicas. Adequada para roupa de escrit\u00f3rio e guarda-roupas de primavera. Lavar \u00e0 m\u00e3o a frio ou utilizar um ciclo suave.<\/p>","protected":false},"excerpt":{"rendered":"<p>25 Saia Momme Crepe de seda em Sage. Acabamento Bias Cut, toque suave e gama de tamanhos S, M, L, XL, XXL. Concebida para o vestu\u00e1rio de escrit\u00f3rio.<\/p>","protected":false},"featured_media":1434,"template":"","meta":{"_gspb_post_css":""},"product_brand":[],"product_cat":[32],"product_tag":[839,840,838],"class_list":{"0":"post-904","1":"product","2":"type-product","3":"status-publish","4":"has-post-thumbnail","6":"product_cat-silk-skirts","7":"product_tag-25-momme-silk-skirt-sage","8":"product_tag-crepe-silk-skirt-bias-cut","9":"product_tag-supplier-silk-skirt-for-office-outfits","11":"first","12":"instock","13":"shipping-taxable","14":"purchasable","15":"product-type-simple"},"_links":{"self":[{"href":"https:\/\/silk-pajamas.com\/pt\/wp-json\/wp\/v2\/product\/904","targetHints":{"allow":["GET"]}}],"collection":[{"href":"https:\/\/silk-pajamas.com\/pt\/wp-json\/wp\/v2\/product"}],"about":[{"href":"https:\/\/silk-pajamas.com\/pt\/wp-json\/wp\/v2\/types\/product"}],"wp:featuredmedia":[{"embeddable":true,"href":"https:\/\/silk-pajamas.com\/pt\/wp-json\/wp\/v2\/media\/1434"}],"wp:attachment":[{"href":"https:\/\/silk-pajamas.com\/pt\/wp-json\/wp\/v2\/media?parent=904"}],"wp:term":[{"taxonomy":"product_brand","embeddable":true,"href":"https:\/\/silk-pajamas.com\/pt\/wp-json\/wp\/v2\/product_brand?post=904"},{"taxonomy":"product_cat","embeddable":true,"href":"https:\/\/silk-pajamas.com\/pt\/wp-json\/wp\/v2\/product_cat?post=904"},{"taxonomy":"product_tag","embeddable":true,"href":"https:\/\/silk-pajamas.com\/pt\/wp-json\/wp\/v2\/product_tag?post=904"}],"curies":[{"name":"wp","href":"https:\/\/api.w.org\/{rel}","templated":true}]}}