{"id":907,"date":"2026-04-12T15:43:41","date_gmt":"2026-04-12T15:43:41","guid":{"rendered":"https:\/\/silk-pajamas.com\/19-momme-sandwashed-mulberry-silk-skirt-midi-navy\/"},"modified":"2026-04-17T03:30:26","modified_gmt":"2026-04-17T03:30:26","slug":"19-momme-sandwashed-mulberry-silk-skirt-midi-navy","status":"publish","type":"product","link":"https:\/\/silk-pajamas.com\/pt\/19-momme-sandwashed-mulberry-silk-skirt-midi-navy\/","title":{"rendered":"19 Momme Sandwashed Mulberry Silk Skirt Midi Navy"},"content":{"rendered":"<p>Confeccionada em seda 19 momme com acabamento em areia, esta saia de seda combina detalhes midi com um brilho suave e um toque respir\u00e1vel. O acabamento em azul-marinho confere-lhe um aspeto requintado, enquanto os tamanhos Custom ajudam a cobrir as principais necessidades. Adequada para roupeiros c\u00e1psula e roupeiros de primavera. Lavar \u00e0 m\u00e3o a frio ou utilizar um ciclo suave.<\/p>","protected":false},"excerpt":{"rendered":"<p>19 Saia de seda Momme Sandwashed em seda Navy. Acabamento midi, toque leve e gama de tamanhos Custom. Concebida para os roupeiros-c\u00e1psula.<\/p>","protected":false},"featured_media":1335,"template":"","meta":{"_gspb_post_css":""},"product_brand":[],"product_cat":[32],"product_tag":[847,848,849],"class_list":{"0":"post-907","1":"product","2":"type-product","3":"status-publish","4":"has-post-thumbnail","6":"product_cat-silk-skirts","7":"product_tag-19-momme-silk-skirt-navy","8":"product_tag-sandwashed-silk-skirt-midi","9":"product_tag-vendor-silk-skirt-for-capsule-wardrobes","11":"first","12":"instock","13":"featured","14":"shipping-taxable","15":"purchasable","16":"product-type-simple"},"_links":{"self":[{"href":"https:\/\/silk-pajamas.com\/pt\/wp-json\/wp\/v2\/product\/907","targetHints":{"allow":["GET"]}}],"collection":[{"href":"https:\/\/silk-pajamas.com\/pt\/wp-json\/wp\/v2\/product"}],"about":[{"href":"https:\/\/silk-pajamas.com\/pt\/wp-json\/wp\/v2\/types\/product"}],"wp:featuredmedia":[{"embeddable":true,"href":"https:\/\/silk-pajamas.com\/pt\/wp-json\/wp\/v2\/media\/1335"}],"wp:attachment":[{"href":"https:\/\/silk-pajamas.com\/pt\/wp-json\/wp\/v2\/media?parent=907"}],"wp:term":[{"taxonomy":"product_brand","embeddable":true,"href":"https:\/\/silk-pajamas.com\/pt\/wp-json\/wp\/v2\/product_brand?post=907"},{"taxonomy":"product_cat","embeddable":true,"href":"https:\/\/silk-pajamas.com\/pt\/wp-json\/wp\/v2\/product_cat?post=907"},{"taxonomy":"product_tag","embeddable":true,"href":"https:\/\/silk-pajamas.com\/pt\/wp-json\/wp\/v2\/product_tag?post=907"}],"curies":[{"name":"wp","href":"https:\/\/api.w.org\/{rel}","templated":true}]}}