{"id":909,"date":"2026-04-12T15:43:41","date_gmt":"2026-04-12T15:43:41","guid":{"rendered":"https:\/\/silk-pajamas.com\/25-momme-crepe-mulberry-silk-skirt-maxi-floral\/"},"modified":"2026-04-17T03:50:55","modified_gmt":"2026-04-17T03:50:55","slug":"25-momme-crepe-mulberry-silk-skirt-maxi-floral","status":"publish","type":"product","link":"https:\/\/silk-pajamas.com\/pt\/25-momme-crepe-mulberry-silk-skirt-maxi-floral\/","title":{"rendered":"25 Momme Crepe Mulberry Silk Skirt Maxi Floral"},"content":{"rendered":"<p>Feita com crepe de seda de 25 momme, esta saia de seda oferece regula\u00e7\u00e3o t\u00e9rmica, toque suave na pele e movimento elegante. A constru\u00e7\u00e3o maxi e a cor floral mant\u00eam o visual polido para festas. Dispon\u00edvel em S, M, L, XL, XXL. Lavar \u00e0 m\u00e3o a frio ou utilizar um ciclo suave.<\/p>","protected":false},"excerpt":{"rendered":"<p>25 Saia Momme Crepe de seda em floral. Acabamento maxi, toque termo-regulador e tamanhos S, M, L, XL, XXL. Concebido para as festas.<\/p>","protected":false},"featured_media":1345,"template":"","meta":{"_gspb_post_css":""},"product_brand":[],"product_cat":[32],"product_tag":[852,853,843],"class_list":{"0":"post-909","1":"product","2":"type-product","3":"status-publish","4":"has-post-thumbnail","6":"product_cat-silk-skirts","7":"product_tag-25-momme-silk-skirt-floral","8":"product_tag-crepe-silk-skirt-maxi","9":"product_tag-vendor-silk-skirt-for-party-edits","11":"first","12":"instock","13":"shipping-taxable","14":"purchasable","15":"product-type-simple"},"_links":{"self":[{"href":"https:\/\/silk-pajamas.com\/pt\/wp-json\/wp\/v2\/product\/909","targetHints":{"allow":["GET"]}}],"collection":[{"href":"https:\/\/silk-pajamas.com\/pt\/wp-json\/wp\/v2\/product"}],"about":[{"href":"https:\/\/silk-pajamas.com\/pt\/wp-json\/wp\/v2\/types\/product"}],"wp:featuredmedia":[{"embeddable":true,"href":"https:\/\/silk-pajamas.com\/pt\/wp-json\/wp\/v2\/media\/1345"}],"wp:attachment":[{"href":"https:\/\/silk-pajamas.com\/pt\/wp-json\/wp\/v2\/media?parent=909"}],"wp:term":[{"taxonomy":"product_brand","embeddable":true,"href":"https:\/\/silk-pajamas.com\/pt\/wp-json\/wp\/v2\/product_brand?post=909"},{"taxonomy":"product_cat","embeddable":true,"href":"https:\/\/silk-pajamas.com\/pt\/wp-json\/wp\/v2\/product_cat?post=909"},{"taxonomy":"product_tag","embeddable":true,"href":"https:\/\/silk-pajamas.com\/pt\/wp-json\/wp\/v2\/product_tag?post=909"}],"curies":[{"name":"wp","href":"https:\/\/api.w.org\/{rel}","templated":true}]}}