{"id":913,"date":"2026-04-12T15:43:41","date_gmt":"2026-04-12T15:43:41","guid":{"rendered":"https:\/\/silk-pajamas.com\/19-momme-mulberry-silk-skirt-maxi-pearl-manufacturer\/"},"modified":"2026-04-18T06:15:09","modified_gmt":"2026-04-18T06:15:09","slug":"19-momme-mulberry-silk-skirt-maxi-pearl-manufacturer","status":"publish","type":"product","link":"https:\/\/silk-pajamas.com\/pt\/19-momme-mulberry-silk-skirt-maxi-pearl-manufacturer\/","title":{"rendered":"19 Momme Mulberry Seda Saia Maxi P\u00e9rola Fabricante"},"content":{"rendered":"<p>Esta saia de seda \u00e9 feita de seda de amora de 19 momme num tom p\u00e9rola. \u00c9 maxi, tem um toque suave e um drapeado confort\u00e1vel para um guarda-roupa de c\u00e1psulas. O estilo \u00e9 compat\u00edvel com os tamanhos XL, XXL, 3XL, 4XL e funciona bem para usar no ver\u00e3o, para oferecer e para o conforto di\u00e1rio. Lavar \u00e0 m\u00e3o a frio ou utilizar um ciclo suave.<\/p>","protected":false},"excerpt":{"rendered":"<p>19 Saia de seda Momme Mulberry em p\u00e9rola. Acabamento maxi, toque suave e gama de tamanhos XL, XXL, 3XL, 4XL. Concebida para os roupeiros-c\u00e1psula.<\/p>","protected":false},"featured_media":1361,"template":"","meta":{"_gspb_post_css":""},"product_brand":[],"product_cat":[32],"product_tag":[863,858,862],"class_list":{"0":"post-913","1":"product","2":"type-product","3":"status-publish","4":"has-post-thumbnail","6":"product_cat-silk-skirts","7":"product_tag-19-momme-silk-skirt-pearl","8":"product_tag-mulberry-silk-skirt-maxi","9":"product_tag-wholesale-silk-skirt-for-capsule-wardrobes","11":"first","12":"instock","13":"shipping-taxable","14":"purchasable","15":"product-type-simple"},"_links":{"self":[{"href":"https:\/\/silk-pajamas.com\/pt\/wp-json\/wp\/v2\/product\/913","targetHints":{"allow":["GET"]}}],"collection":[{"href":"https:\/\/silk-pajamas.com\/pt\/wp-json\/wp\/v2\/product"}],"about":[{"href":"https:\/\/silk-pajamas.com\/pt\/wp-json\/wp\/v2\/types\/product"}],"wp:featuredmedia":[{"embeddable":true,"href":"https:\/\/silk-pajamas.com\/pt\/wp-json\/wp\/v2\/media\/1361"}],"wp:attachment":[{"href":"https:\/\/silk-pajamas.com\/pt\/wp-json\/wp\/v2\/media?parent=913"}],"wp:term":[{"taxonomy":"product_brand","embeddable":true,"href":"https:\/\/silk-pajamas.com\/pt\/wp-json\/wp\/v2\/product_brand?post=913"},{"taxonomy":"product_cat","embeddable":true,"href":"https:\/\/silk-pajamas.com\/pt\/wp-json\/wp\/v2\/product_cat?post=913"},{"taxonomy":"product_tag","embeddable":true,"href":"https:\/\/silk-pajamas.com\/pt\/wp-json\/wp\/v2\/product_tag?post=913"}],"curies":[{"name":"wp","href":"https:\/\/api.w.org\/{rel}","templated":true}]}}