{"id":914,"date":"2026-04-12T15:43:41","date_gmt":"2026-04-12T15:43:41","guid":{"rendered":"https:\/\/silk-pajamas.com\/16-momme-mulberry-silk-skirt-slip-rose-supplier\/"},"modified":"2026-04-18T06:20:15","modified_gmt":"2026-04-18T06:20:15","slug":"16-momme-mulberry-silk-skirt-slip-rose-supplier","status":"publish","type":"product","link":"https:\/\/silk-pajamas.com\/pt\/16-momme-mulberry-silk-skirt-slip-rose-supplier\/","title":{"rendered":"16 Momme Mulberry Silk Skirt Slip Rose Fornecedor"},"content":{"rendered":"<p>Confeccionada com seda de amora de 16 momme, esta saia de seda \u00e9 resistente a rugas, tem um toque suave na pele e um movimento elegante. A constru\u00e7\u00e3o deslizante e a cor rosa mant\u00eam o visual polido para roupas de escrit\u00f3rio. Dispon\u00edvel em XL, XXL, 3XL, 4XL. Lavar \u00e0 m\u00e3o a frio ou utilizar um ciclo suave.<\/p>","protected":false},"excerpt":{"rendered":"<p>16 Saia de seda Momme Mulberry em rosa. Acabamento deslizante, toque resistente \u00e0s rugas e tamanhos XL, XXL, 3XL, 4XL. Concebida para o vestu\u00e1rio de escrit\u00f3rio.<\/p>","protected":false},"featured_media":1369,"template":"","meta":{"_gspb_post_css":""},"product_brand":[],"product_cat":[32],"product_tag":[854,864,865],"class_list":{"0":"post-914","1":"product","2":"type-product","3":"status-publish","4":"has-post-thumbnail","6":"product_cat-silk-skirts","7":"product_tag-16-momme-silk-skirt-rose","8":"product_tag-mulberry-silk-skirt-slip","9":"product_tag-vendor-silk-skirt-for-office-outfits","11":"first","12":"instock","13":"shipping-taxable","14":"purchasable","15":"product-type-simple"},"_links":{"self":[{"href":"https:\/\/silk-pajamas.com\/pt\/wp-json\/wp\/v2\/product\/914","targetHints":{"allow":["GET"]}}],"collection":[{"href":"https:\/\/silk-pajamas.com\/pt\/wp-json\/wp\/v2\/product"}],"about":[{"href":"https:\/\/silk-pajamas.com\/pt\/wp-json\/wp\/v2\/types\/product"}],"wp:featuredmedia":[{"embeddable":true,"href":"https:\/\/silk-pajamas.com\/pt\/wp-json\/wp\/v2\/media\/1369"}],"wp:attachment":[{"href":"https:\/\/silk-pajamas.com\/pt\/wp-json\/wp\/v2\/media?parent=914"}],"wp:term":[{"taxonomy":"product_brand","embeddable":true,"href":"https:\/\/silk-pajamas.com\/pt\/wp-json\/wp\/v2\/product_brand?post=914"},{"taxonomy":"product_cat","embeddable":true,"href":"https:\/\/silk-pajamas.com\/pt\/wp-json\/wp\/v2\/product_cat?post=914"},{"taxonomy":"product_tag","embeddable":true,"href":"https:\/\/silk-pajamas.com\/pt\/wp-json\/wp\/v2\/product_tag?post=914"}],"curies":[{"name":"wp","href":"https:\/\/api.w.org\/{rel}","templated":true}]}}