{"id":919,"date":"2026-04-12T15:43:41","date_gmt":"2026-04-12T15:43:41","guid":{"rendered":"https:\/\/silk-pajamas.com\/25-momme-mulberry-silk-skirt-midi-emerald\/"},"modified":"2026-04-18T09:42:57","modified_gmt":"2026-04-18T09:42:57","slug":"25-momme-mulberry-silk-skirt-midi-emerald","status":"publish","type":"product","link":"https:\/\/silk-pajamas.com\/pt\/25-momme-mulberry-silk-skirt-midi-emerald\/","title":{"rendered":"25 Momme Mulberry Silk Skirt Midi Emerald"},"content":{"rendered":"<p>Confeccionada em seda de amoreira 25 momme, esta saia de seda combina detalhes midi com um brilho suave e um toque respir\u00e1vel. O acabamento em esmeralda confere-lhe um aspeto requintado, enquanto os tamanhos S, M, L, XL, XXL ajudam a cobrir as principais necessidades. Adequada para roupa de escrit\u00f3rio e guarda-roupa de primavera. Lavar \u00e0 m\u00e3o a frio ou utilizar um ciclo suave.<\/p>","protected":false},"excerpt":{"rendered":"<p>25 Saia Momme Mulberry em seda esmeralda. Acabamento midi, toque termo-regulador e tamanhos S, M, L, XL, XXL. Concebida para o vestu\u00e1rio de escrit\u00f3rio.<\/p>","protected":false},"featured_media":1382,"template":"","meta":{"_gspb_post_css":""},"product_brand":[],"product_cat":[32],"product_tag":[875,877,876],"class_list":{"0":"post-919","1":"product","2":"type-product","3":"status-publish","4":"has-post-thumbnail","6":"product_cat-silk-skirts","7":"product_tag-25-momme-silk-skirt-emerald","8":"product_tag-factory-silk-skirt-for-office-outfits","9":"product_tag-mulberry-silk-skirt-midi","11":"first","12":"instock","13":"shipping-taxable","14":"purchasable","15":"product-type-simple"},"_links":{"self":[{"href":"https:\/\/silk-pajamas.com\/pt\/wp-json\/wp\/v2\/product\/919","targetHints":{"allow":["GET"]}}],"collection":[{"href":"https:\/\/silk-pajamas.com\/pt\/wp-json\/wp\/v2\/product"}],"about":[{"href":"https:\/\/silk-pajamas.com\/pt\/wp-json\/wp\/v2\/types\/product"}],"wp:featuredmedia":[{"embeddable":true,"href":"https:\/\/silk-pajamas.com\/pt\/wp-json\/wp\/v2\/media\/1382"}],"wp:attachment":[{"href":"https:\/\/silk-pajamas.com\/pt\/wp-json\/wp\/v2\/media?parent=919"}],"wp:term":[{"taxonomy":"product_brand","embeddable":true,"href":"https:\/\/silk-pajamas.com\/pt\/wp-json\/wp\/v2\/product_brand?post=919"},{"taxonomy":"product_cat","embeddable":true,"href":"https:\/\/silk-pajamas.com\/pt\/wp-json\/wp\/v2\/product_cat?post=919"},{"taxonomy":"product_tag","embeddable":true,"href":"https:\/\/silk-pajamas.com\/pt\/wp-json\/wp\/v2\/product_tag?post=919"}],"curies":[{"name":"wp","href":"https:\/\/api.w.org\/{rel}","templated":true}]}}