{"id":920,"date":"2026-04-12T15:43:42","date_gmt":"2026-04-12T15:43:42","guid":{"rendered":"https:\/\/silk-pajamas.com\/16-momme-mulberry-silk-skirt-high-waist-rose\/"},"modified":"2026-04-17T03:17:15","modified_gmt":"2026-04-17T03:17:15","slug":"16-momme-mulberry-silk-skirt-high-waist-rose","status":"publish","type":"product","link":"https:\/\/silk-pajamas.com\/pt\/16-momme-mulberry-silk-skirt-high-waist-rose\/","title":{"rendered":"16 Momme Mulberry Silk Skirt High Waist Rose"},"content":{"rendered":"<p>Confeccionada em seda de amora 16 momme, esta saia de seda combina detalhes de cintura alta com um brilho suave e um toque respir\u00e1vel. O acabamento em rosa confere-lhe um aspeto requintado, enquanto os tamanhos XL, XXL, 3XL e 4XL ajudam a satisfazer as necessidades b\u00e1sicas. Adequado para festas e guarda-roupas de outono. Lavar \u00e0 m\u00e3o a frio ou utilizar um ciclo suave.<\/p>","protected":false},"excerpt":{"rendered":"<p>16 Saia de seda Momme Mulberry em rosa. Acabamento de cintura alta, toque termo-regulador e tamanhos XL, XXL, 3XL, 4XL. Concebido para as festas.<\/p>","protected":false},"featured_media":1328,"template":"","meta":{"_gspb_post_css":""},"product_brand":[],"product_cat":[32],"product_tag":[854,878,879],"class_list":{"0":"post-920","1":"product","2":"type-product","3":"status-publish","4":"has-post-thumbnail","6":"product_cat-silk-skirts","7":"product_tag-16-momme-silk-skirt-rose","8":"product_tag-mulberry-silk-skirt-high-waist","9":"product_tag-supplier-silk-skirt-for-party-edits","11":"first","12":"instock","13":"shipping-taxable","14":"purchasable","15":"product-type-simple"},"_links":{"self":[{"href":"https:\/\/silk-pajamas.com\/pt\/wp-json\/wp\/v2\/product\/920","targetHints":{"allow":["GET"]}}],"collection":[{"href":"https:\/\/silk-pajamas.com\/pt\/wp-json\/wp\/v2\/product"}],"about":[{"href":"https:\/\/silk-pajamas.com\/pt\/wp-json\/wp\/v2\/types\/product"}],"wp:featuredmedia":[{"embeddable":true,"href":"https:\/\/silk-pajamas.com\/pt\/wp-json\/wp\/v2\/media\/1328"}],"wp:attachment":[{"href":"https:\/\/silk-pajamas.com\/pt\/wp-json\/wp\/v2\/media?parent=920"}],"wp:term":[{"taxonomy":"product_brand","embeddable":true,"href":"https:\/\/silk-pajamas.com\/pt\/wp-json\/wp\/v2\/product_brand?post=920"},{"taxonomy":"product_cat","embeddable":true,"href":"https:\/\/silk-pajamas.com\/pt\/wp-json\/wp\/v2\/product_cat?post=920"},{"taxonomy":"product_tag","embeddable":true,"href":"https:\/\/silk-pajamas.com\/pt\/wp-json\/wp\/v2\/product_tag?post=920"}],"curies":[{"name":"wp","href":"https:\/\/api.w.org\/{rel}","templated":true}]}}