{"id":924,"date":"2026-04-12T15:43:43","date_gmt":"2026-04-12T15:43:43","guid":{"rendered":"https:\/\/silk-pajamas.com\/25-momme-sandwashed-mulberry-silk-tee-relaxed-fit-lilac\/"},"modified":"2026-04-17T02:51:27","modified_gmt":"2026-04-17T02:51:27","slug":"25-momme-sandwashed-mulberry-silk-tee-relaxed-fit-lilac","status":"publish","type":"product","link":"https:\/\/silk-pajamas.com\/pt\/25-momme-sandwashed-mulberry-silk-tee-relaxed-fit-lilac\/","title":{"rendered":"25 Momme T-shirt de seda amora com corte em areia Ajuste descontra\u00eddo Lil\u00e1s"},"content":{"rendered":"<p>Esta t-shirt de seda \u00e9 confeccionada em seda 25 momme com acabamento em areia num tom lil\u00e1s. Apresenta um corte descontra\u00eddo, um toque suave e um drapeado confort\u00e1vel para homem. O estilo \u00e9 compat\u00edvel com os tamanhos XS, S, M, L, XL e funciona bem para usar no outono, para oferecer e para o conforto di\u00e1rio. Lavar \u00e0 m\u00e3o a frio ou utilizar um ciclo suave.<\/p>","protected":false},"excerpt":{"rendered":"<p>25 T-shirt Momme Sandwashed em seda lil\u00e1s. Acabamento Relaxed Fit, toque resistente \u00e0s rugas e gama de tamanhos XS, S, M, L, XL. Concebida para homem.<\/p>","protected":false},"featured_media":1269,"template":"","meta":{"_gspb_post_css":""},"product_brand":[],"product_cat":[28],"product_tag":[889,890,891],"class_list":{"0":"post-924","1":"product","2":"type-product","3":"status-publish","4":"has-post-thumbnail","6":"product_cat-silk-t-shirts","7":"product_tag-25-momme-silk-t-shirt-lilac","8":"product_tag-sandwashed-silk-t-shirt-relaxed-fit","9":"product_tag-wholesale-silk-t-shirt-for-men","11":"first","12":"instock","13":"shipping-taxable","14":"purchasable","15":"product-type-simple"},"_links":{"self":[{"href":"https:\/\/silk-pajamas.com\/pt\/wp-json\/wp\/v2\/product\/924","targetHints":{"allow":["GET"]}}],"collection":[{"href":"https:\/\/silk-pajamas.com\/pt\/wp-json\/wp\/v2\/product"}],"about":[{"href":"https:\/\/silk-pajamas.com\/pt\/wp-json\/wp\/v2\/types\/product"}],"wp:featuredmedia":[{"embeddable":true,"href":"https:\/\/silk-pajamas.com\/pt\/wp-json\/wp\/v2\/media\/1269"}],"wp:attachment":[{"href":"https:\/\/silk-pajamas.com\/pt\/wp-json\/wp\/v2\/media?parent=924"}],"wp:term":[{"taxonomy":"product_brand","embeddable":true,"href":"https:\/\/silk-pajamas.com\/pt\/wp-json\/wp\/v2\/product_brand?post=924"},{"taxonomy":"product_cat","embeddable":true,"href":"https:\/\/silk-pajamas.com\/pt\/wp-json\/wp\/v2\/product_cat?post=924"},{"taxonomy":"product_tag","embeddable":true,"href":"https:\/\/silk-pajamas.com\/pt\/wp-json\/wp\/v2\/product_tag?post=924"}],"curies":[{"name":"wp","href":"https:\/\/api.w.org\/{rel}","templated":true}]}}