{"id":928,"date":"2026-04-12T15:43:43","date_gmt":"2026-04-12T15:43:43","guid":{"rendered":"https:\/\/silk-pajamas.com\/16-momme-mulberry-silk-tee-short-sleeve-lilac-factory\/"},"modified":"2026-04-17T02:54:02","modified_gmt":"2026-04-17T02:54:02","slug":"16-momme-mulberry-silk-tee-short-sleeve-lilac-factory","status":"publish","type":"product","link":"https:\/\/silk-pajamas.com\/pt\/16-momme-mulberry-silk-tee-short-sleeve-lilac-factory\/","title":{"rendered":"16 Momme Mulberry T-shirt de seda Manga curta Lil\u00e1s Factory"},"content":{"rendered":"<p>Confeccionada em seda de amora 16 momme, esta t-shirt de seda combina detalhes de manga curta com um brilho suave e um toque respir\u00e1vel. O acabamento lil\u00e1s confere-lhe um aspeto requintado, enquanto os tamanhos XL, XXL, 3XL, 4XL ajudam a cobrir a procura principal. Adequado para homens e guarda-roupas de todas as esta\u00e7\u00f5es. Lavar \u00e0 m\u00e3o a frio ou utilizar um ciclo suave.<\/p>","protected":false},"excerpt":{"rendered":"<p>16 T-shirt Momme Mulberry em seda lil\u00e1s. Acabamento de manga curta, toque leve e gama de tamanhos XL, XXL, 3XL, 4XL. Concebida para homem.<\/p>","protected":false},"featured_media":1268,"template":"","meta":{"_gspb_post_css":""},"product_brand":[],"product_cat":[28],"product_tag":[900,901,899],"class_list":{"0":"post-928","1":"product","2":"type-product","3":"status-publish","4":"has-post-thumbnail","6":"product_cat-silk-t-shirts","7":"product_tag-16-momme-silk-t-shirt-lilac","8":"product_tag-mulberry-silk-t-shirt-short-sleeve","9":"product_tag-vendor-silk-t-shirt-for-men","11":"first","12":"instock","13":"shipping-taxable","14":"purchasable","15":"product-type-simple"},"_links":{"self":[{"href":"https:\/\/silk-pajamas.com\/pt\/wp-json\/wp\/v2\/product\/928","targetHints":{"allow":["GET"]}}],"collection":[{"href":"https:\/\/silk-pajamas.com\/pt\/wp-json\/wp\/v2\/product"}],"about":[{"href":"https:\/\/silk-pajamas.com\/pt\/wp-json\/wp\/v2\/types\/product"}],"wp:featuredmedia":[{"embeddable":true,"href":"https:\/\/silk-pajamas.com\/pt\/wp-json\/wp\/v2\/media\/1268"}],"wp:attachment":[{"href":"https:\/\/silk-pajamas.com\/pt\/wp-json\/wp\/v2\/media?parent=928"}],"wp:term":[{"taxonomy":"product_brand","embeddable":true,"href":"https:\/\/silk-pajamas.com\/pt\/wp-json\/wp\/v2\/product_brand?post=928"},{"taxonomy":"product_cat","embeddable":true,"href":"https:\/\/silk-pajamas.com\/pt\/wp-json\/wp\/v2\/product_cat?post=928"},{"taxonomy":"product_tag","embeddable":true,"href":"https:\/\/silk-pajamas.com\/pt\/wp-json\/wp\/v2\/product_tag?post=928"}],"curies":[{"name":"wp","href":"https:\/\/api.w.org\/{rel}","templated":true}]}}