{"id":930,"date":"2026-04-12T15:43:43","date_gmt":"2026-04-12T15:43:43","guid":{"rendered":"https:\/\/silk-pajamas.com\/16-momme-charmeuse-silk-t-shirt-relaxed-fit-silver\/"},"modified":"2026-04-17T02:57:26","modified_gmt":"2026-04-17T02:57:26","slug":"16-momme-charmeuse-silk-t-shirt-relaxed-fit-silver","status":"publish","type":"product","link":"https:\/\/silk-pajamas.com\/pt\/16-momme-charmeuse-silk-t-shirt-relaxed-fit-silver\/","title":{"rendered":"16 Momme Charmeuse Silk T-Shirt Relaxed Fit Prata"},"content":{"rendered":"<p>Fabricada com seda 16 momme charmeuse, esta t-shirt de seda oferece um toque suave, uma sensa\u00e7\u00e3o de pele delicada e um movimento elegante. O corte descontra\u00eddo e a cor prateada mant\u00eam o visual polido para uso di\u00e1rio. Dispon\u00edvel em S, M, L, XL, XXL. Lavar \u00e0 m\u00e3o a frio ou utilizar um ciclo suave.<\/p>","protected":false},"excerpt":{"rendered":"<p>16 T-shirt de seda Momme Charmeuse em prateado. Acabamento Relaxed Fit, toque suave e gama de tamanhos S, M, L, XL, XXL. Concebida para uso di\u00e1rio.<\/p>","protected":false},"featured_media":1314,"template":"","meta":{"_gspb_post_css":""},"product_brand":[],"product_cat":[28],"product_tag":[904,905,906],"class_list":{"0":"post-930","1":"product","2":"type-product","3":"status-publish","4":"has-post-thumbnail","6":"product_cat-silk-t-shirts","7":"product_tag-16-momme-silk-t-shirt-silver","8":"product_tag-charmeuse-silk-t-shirt-relaxed-fit","9":"product_tag-vendor-silk-t-shirt-for-daily-wear","11":"first","12":"instock","13":"shipping-taxable","14":"purchasable","15":"product-type-simple"},"_links":{"self":[{"href":"https:\/\/silk-pajamas.com\/pt\/wp-json\/wp\/v2\/product\/930","targetHints":{"allow":["GET"]}}],"collection":[{"href":"https:\/\/silk-pajamas.com\/pt\/wp-json\/wp\/v2\/product"}],"about":[{"href":"https:\/\/silk-pajamas.com\/pt\/wp-json\/wp\/v2\/types\/product"}],"wp:featuredmedia":[{"embeddable":true,"href":"https:\/\/silk-pajamas.com\/pt\/wp-json\/wp\/v2\/media\/1314"}],"wp:attachment":[{"href":"https:\/\/silk-pajamas.com\/pt\/wp-json\/wp\/v2\/media?parent=930"}],"wp:term":[{"taxonomy":"product_brand","embeddable":true,"href":"https:\/\/silk-pajamas.com\/pt\/wp-json\/wp\/v2\/product_brand?post=930"},{"taxonomy":"product_cat","embeddable":true,"href":"https:\/\/silk-pajamas.com\/pt\/wp-json\/wp\/v2\/product_cat?post=930"},{"taxonomy":"product_tag","embeddable":true,"href":"https:\/\/silk-pajamas.com\/pt\/wp-json\/wp\/v2\/product_tag?post=930"}],"curies":[{"name":"wp","href":"https:\/\/api.w.org\/{rel}","templated":true}]}}