{"id":935,"date":"2026-04-12T15:43:43","date_gmt":"2026-04-12T15:43:43","guid":{"rendered":"https:\/\/silk-pajamas.com\/22-momme-charmeuse-mulberry-silk-tee-cap-sleeve-leopard\/"},"modified":"2026-04-17T03:10:10","modified_gmt":"2026-04-17T03:10:10","slug":"22-momme-charmeuse-mulberry-silk-tee-cap-sleeve-leopard","status":"publish","type":"product","link":"https:\/\/silk-pajamas.com\/pt\/22-momme-charmeuse-mulberry-silk-tee-cap-sleeve-leopard\/","title":{"rendered":"22 Momme Charmeuse Mulberry Silk Tee Cap Sleeve Leopard"},"content":{"rendered":"<p>Feita com seda charmeuse 22 momme, esta t-shirt de seda oferece regula\u00e7\u00e3o t\u00e9rmica, toque suave na pele e movimento elegante. A constru\u00e7\u00e3o de manga comprida e a cor de leopardo mant\u00eam o visual polido para homem. Dispon\u00edvel em XS, S, M, L, XL. Lavar \u00e0 m\u00e3o a frio ou utilizar um ciclo suave.<\/p>","protected":false},"excerpt":{"rendered":"<p>22 T-shirt de seda Momme Charmeuse em seda Leopardo. Acabamento Cap Sleeve, toque termo-regulador e gama de tamanhos XS, S, M, L, XL. Concebido para os homens.<\/p>","protected":false},"featured_media":1266,"template":"","meta":{"_gspb_post_css":""},"product_brand":[],"product_cat":[28],"product_tag":[915,916,888],"class_list":{"0":"post-935","1":"product","2":"type-product","3":"status-publish","4":"has-post-thumbnail","6":"product_cat-silk-t-shirts","7":"product_tag-22-momme-silk-t-shirt-leopard","8":"product_tag-charmeuse-silk-t-shirt-cap-sleeve","9":"product_tag-supplier-silk-t-shirt-for-men","11":"first","12":"instock","13":"shipping-taxable","14":"purchasable","15":"product-type-simple"},"_links":{"self":[{"href":"https:\/\/silk-pajamas.com\/pt\/wp-json\/wp\/v2\/product\/935","targetHints":{"allow":["GET"]}}],"collection":[{"href":"https:\/\/silk-pajamas.com\/pt\/wp-json\/wp\/v2\/product"}],"about":[{"href":"https:\/\/silk-pajamas.com\/pt\/wp-json\/wp\/v2\/types\/product"}],"wp:featuredmedia":[{"embeddable":true,"href":"https:\/\/silk-pajamas.com\/pt\/wp-json\/wp\/v2\/media\/1266"}],"wp:attachment":[{"href":"https:\/\/silk-pajamas.com\/pt\/wp-json\/wp\/v2\/media?parent=935"}],"wp:term":[{"taxonomy":"product_brand","embeddable":true,"href":"https:\/\/silk-pajamas.com\/pt\/wp-json\/wp\/v2\/product_brand?post=935"},{"taxonomy":"product_cat","embeddable":true,"href":"https:\/\/silk-pajamas.com\/pt\/wp-json\/wp\/v2\/product_cat?post=935"},{"taxonomy":"product_tag","embeddable":true,"href":"https:\/\/silk-pajamas.com\/pt\/wp-json\/wp\/v2\/product_tag?post=935"}],"curies":[{"name":"wp","href":"https:\/\/api.w.org\/{rel}","templated":true}]}}