{"id":944,"date":"2026-04-12T15:43:44","date_gmt":"2026-04-12T15:43:44","guid":{"rendered":"https:\/\/silk-pajamas.com\/19-momme-mulberry-silk-bra-panty-set-soft-cup-black-factory\/"},"modified":"2026-04-17T02:43:37","modified_gmt":"2026-04-17T02:43:37","slug":"19-momme-mulberry-silk-bra-panty-set-soft-cup-black-factory","status":"publish","type":"product","link":"https:\/\/silk-pajamas.com\/pt\/19-momme-mulberry-silk-bra-panty-set-soft-cup-black-factory\/","title":{"rendered":"19 Momme Mulberry Silk Bra Panty Set Soft Cup Preto Factory"},"content":{"rendered":"<p>Este conjunto de soutien e cuecas \u00e9 fabricado em seda de amora de 19 momme num tom preto. Apresenta uma copa macia, um toque suave e um drapeado confort\u00e1vel para peles sens\u00edveis. O estilo suporta os tamanhos 34B, 36B, 38B, 40C e funciona bem para todas as esta\u00e7\u00f5es, para presentear e para o conforto di\u00e1rio. Lavar \u00e0 m\u00e3o a frio ou utilizar um ciclo suave.<\/p>","protected":false},"excerpt":{"rendered":"<p>19 Conjunto de soutien e cuecas Momme Mulberry em seda preta. Acabamento em copa macia, toque termo-regulador e gama de tamanhos 34B, 36B, 38B, 40C. Concebido para peles sens\u00edveis.<\/p>","protected":false},"featured_media":1283,"template":"","meta":{"_gspb_post_css":""},"product_brand":[],"product_cat":[40],"product_tag":[929,930,931],"class_list":{"0":"post-944","1":"product","2":"type-product","3":"status-publish","4":"has-post-thumbnail","6":"product_cat-silk-bra-panty-sets","7":"product_tag-19-momme-silk-bra-panty-set-black","8":"product_tag-mulberry-silk-bra-panty-set-soft-cup","9":"product_tag-wholesale-silk-bra-panty-set-for-sensitive-skin","11":"first","12":"instock","13":"shipping-taxable","14":"purchasable","15":"product-type-simple"},"_links":{"self":[{"href":"https:\/\/silk-pajamas.com\/pt\/wp-json\/wp\/v2\/product\/944","targetHints":{"allow":["GET"]}}],"collection":[{"href":"https:\/\/silk-pajamas.com\/pt\/wp-json\/wp\/v2\/product"}],"about":[{"href":"https:\/\/silk-pajamas.com\/pt\/wp-json\/wp\/v2\/types\/product"}],"wp:featuredmedia":[{"embeddable":true,"href":"https:\/\/silk-pajamas.com\/pt\/wp-json\/wp\/v2\/media\/1283"}],"wp:attachment":[{"href":"https:\/\/silk-pajamas.com\/pt\/wp-json\/wp\/v2\/media?parent=944"}],"wp:term":[{"taxonomy":"product_brand","embeddable":true,"href":"https:\/\/silk-pajamas.com\/pt\/wp-json\/wp\/v2\/product_brand?post=944"},{"taxonomy":"product_cat","embeddable":true,"href":"https:\/\/silk-pajamas.com\/pt\/wp-json\/wp\/v2\/product_cat?post=944"},{"taxonomy":"product_tag","embeddable":true,"href":"https:\/\/silk-pajamas.com\/pt\/wp-json\/wp\/v2\/product_tag?post=944"}],"curies":[{"name":"wp","href":"https:\/\/api.w.org\/{rel}","templated":true}]}}