{"id":946,"date":"2026-04-12T15:43:44","date_gmt":"2026-04-12T15:43:44","guid":{"rendered":"https:\/\/silk-pajamas.com\/22-momme-charmeuse-silk-bralette-set-lace-trim-emerald\/"},"modified":"2026-04-17T02:45:37","modified_gmt":"2026-04-17T02:45:37","slug":"22-momme-charmeuse-silk-bralette-set-lace-trim-emerald","status":"publish","type":"product","link":"https:\/\/silk-pajamas.com\/pt\/22-momme-charmeuse-silk-bralette-set-lace-trim-emerald\/","title":{"rendered":"22 Momme Charmeuse Silk Bralette Set Lace Trim Emerald"},"content":{"rendered":"<p>Este conjunto de soutien e cuecas \u00e9 feito de seda momme charmeuse 22 num tom esmeralda. Apresenta um acabamento em renda, um toque suave e um drapeado confort\u00e1vel para guarda-roupas de noiva. O estilo \u00e9 compat\u00edvel com os tamanhos S, M, L, XL e funciona bem para usar no outono, para oferecer e para o conforto di\u00e1rio. Lavar \u00e0 m\u00e3o a frio ou utilizar um ciclo suave.<\/p>","protected":false},"excerpt":{"rendered":"<p>Conjunto de soutien e cuecas 22 Momme Charmeuse em seda esmeralda. Acabamento em renda, toque termo-regulador e tamanhos S, M, L, XL. Concebido para o guarda-roupa das noivas.<\/p>","protected":false},"featured_media":1159,"template":"","meta":{"_gspb_post_css":""},"product_brand":[],"product_cat":[40],"product_tag":[935,936,937],"class_list":{"0":"post-946","1":"product","2":"type-product","3":"status-publish","4":"has-post-thumbnail","6":"product_cat-silk-bra-panty-sets","7":"product_tag-22-momme-silk-bra-panty-set-emerald","8":"product_tag-charmeuse-silk-bra-panty-set-lace-trim","9":"product_tag-factory-silk-bra-panty-set-for-bridal-wardrobes","11":"first","12":"instock","13":"shipping-taxable","14":"purchasable","15":"product-type-simple"},"_links":{"self":[{"href":"https:\/\/silk-pajamas.com\/pt\/wp-json\/wp\/v2\/product\/946","targetHints":{"allow":["GET"]}}],"collection":[{"href":"https:\/\/silk-pajamas.com\/pt\/wp-json\/wp\/v2\/product"}],"about":[{"href":"https:\/\/silk-pajamas.com\/pt\/wp-json\/wp\/v2\/types\/product"}],"wp:featuredmedia":[{"embeddable":true,"href":"https:\/\/silk-pajamas.com\/pt\/wp-json\/wp\/v2\/media\/1159"}],"wp:attachment":[{"href":"https:\/\/silk-pajamas.com\/pt\/wp-json\/wp\/v2\/media?parent=946"}],"wp:term":[{"taxonomy":"product_brand","embeddable":true,"href":"https:\/\/silk-pajamas.com\/pt\/wp-json\/wp\/v2\/product_brand?post=946"},{"taxonomy":"product_cat","embeddable":true,"href":"https:\/\/silk-pajamas.com\/pt\/wp-json\/wp\/v2\/product_cat?post=946"},{"taxonomy":"product_tag","embeddable":true,"href":"https:\/\/silk-pajamas.com\/pt\/wp-json\/wp\/v2\/product_tag?post=946"}],"curies":[{"name":"wp","href":"https:\/\/api.w.org\/{rel}","templated":true}]}}